





{"id":1885,"date":"2019-08-22T14:00:04","date_gmt":"2019-08-22T18:00:04","guid":{"rendered":"https:\/\/humantouchtranslations.com\/negocios-y-finanzas\/"},"modified":"2019-12-10T16:39:24","modified_gmt":"2019-12-10T21:39:24","slug":"negocios-y-finanzas","status":"publish","type":"page","link":"https:\/\/humantouchtranslations.com\/es\/negocios-y-finanzas\/","title":{"rendered":"Negocios y finanzas"},"content":{"rendered":"[vc_row type=&#8221;in_container&#8221; full_screen_row_position=&#8221;middle&#8221; scene_position=&#8221;center&#8221; text_color=&#8221;dark&#8221; text_align=&#8221;left&#8221; top_padding=&#8221;40&#8243; overlay_strength=&#8221;0.3&#8243;][vc_column column_padding=&#8221;no-extra-padding&#8221; column_padding_position=&#8221;all&#8221; background_color_opacity=&#8221;1&#8243; background_hover_color_opacity=&#8221;1&#8243; column_shadow=&#8221;medium_depth&#8221; width=&#8221;1\/2&#8243; tablet_text_alignment=&#8221;default&#8221; phone_text_alignment=&#8221;default&#8221; column_border_width=&#8221;none&#8221; column_border_style=&#8221;solid&#8221;]<div class=\"img-with-aniamtion-wrap \" data-max-width=\"100%\"><div class=\"inner\"><img data-shadow=\"none\" data-shadow-direction=\"middle\" class=\"img-with-animation \" data-delay=\"0\" height=\"800\" width=\"1200\" data-animation=\"fade-in\" src=\"https:\/\/humantouchtranslations.com\/wp-content\/uploads\/2018\/03\/humantouch-business-financial.jpg\" srcset=\"https:\/\/humantouchtranslations.com\/wp-content\/uploads\/2018\/03\/humantouch-business-financial.jpg 1200w, https:\/\/humantouchtranslations.com\/wp-content\/uploads\/2018\/03\/humantouch-business-financial-300x200.jpg 300w, https:\/\/humantouchtranslations.com\/wp-content\/uploads\/2018\/03\/humantouch-business-financial-768x512.jpg 768w, https:\/\/humantouchtranslations.com\/wp-content\/uploads\/2018\/03\/humantouch-business-financial-1024x683.jpg 1024w\" sizes=\"100vw\" alt=\"\" \/><\/div><\/div>[\/vc_column][vc_column column_padding=&#8221;no-extra-padding&#8221; column_padding_position=&#8221;all&#8221; background_color_opacity=&#8221;1&#8243; background_hover_color_opacity=&#8221;1&#8243; column_shadow=&#8221;none&#8221; width=&#8221;1\/2&#8243; tablet_text_alignment=&#8221;default&#8221; phone_text_alignment=&#8221;default&#8221; column_border_width=&#8221;none&#8221; column_border_style=&#8221;solid&#8221;][vc_column_text]El mundo de las inversiones tiene una jerga extremadamente especializada. Traducir documentos, ya sea para una empresa grande, mediana o <a href=\"https:\/\/www.sba.gov\/\">peque\u00f1a<\/a>, para los departamentos de contabilidad, finanzas y gesti\u00f3n requiere experiencia, y una s\u00f3lida competencia en negocios y finanzas.\r\n\r\nLas empresas que operan en un entorno global deben generar, administrar y actualizar documentaci\u00f3n cr\u00edtica. Basado en nuestro eficaz sistema de gesti\u00f3n, Human Touch Translations aborda la gesti\u00f3n de riesgos y el cumplimiento normativo de una manera eficiente y sostenible. El ahorro de costos, la colaboraci\u00f3n entre organizaciones, la trazabilidad y la precisi\u00f3n, as\u00ed como la puntualidad, son aspectos esenciales de nuestra soluci\u00f3n de <a href=\"https:\/\/humantouchtranslations.com\/es\/#QueHacemos\/\">servicios ling\u00fc\u00edsticos<\/a>.\r\n\r\nNuestros procesos de <a href=\"https:\/\/humantouchtranslations.com\/es\/traduccion\">traducci\u00f3n<\/a> y <a href=\"https:\/\/humantouchtranslations.com\/es\/localizacion\">localizaci\u00f3n<\/a> pueden conectarse a soluciones de contenido para toda la empresa, lo cual reduce el tiempo y el costo de los proyectos multi-idioma. Tambi\u00e9n mantenemos estrictos controles de seguridad que evitan modificaciones, manejo de versiones o norrado no autorizado de documentos. Lea nuestro <a href=\"https:\/\/humantouchtranslations.com\/wp-content\/uploads\/2017\/12\/HTT_Document-Security.pdf\">Informe sobre Seguridad de Documentos<\/a> para obtener m\u00e1s informaci\u00f3n.[\/vc_column_text][\/vc_column][\/vc_row][vc_row type=&#8221;in_container&#8221; full_screen_row_position=&#8221;middle&#8221; scene_position=&#8221;center&#8221; text_color=&#8221;dark&#8221; text_align=&#8221;left&#8221; overlay_strength=&#8221;0.3&#8243;][vc_column column_padding=&#8221;no-extra-padding&#8221; column_padding_position=&#8221;all&#8221; background_color_opacity=&#8221;1&#8243; background_hover_color_opacity=&#8221;1&#8243; column_shadow=&#8221;none&#8221; width=&#8221;1\/1&#8243; tablet_text_alignment=&#8221;default&#8221; phone_text_alignment=&#8221;default&#8221; column_border_width=&#8221;none&#8221; column_border_style=&#8221;solid&#8221;][\/vc_column][\/vc_row]","protected":false},"excerpt":{"rendered":"[vc_row type=&#8221;in_container&#8221; full_screen_row_position=&#8221;middle&#8221; scene_position=&#8221;center&#8221; text_color=&#8221;dark&#8221; text_align=&#8221;left&#8221; top_padding=&#8221;40&#8243; overlay_strength=&#8221;0.3&#8243;][vc_column column_padding=&#8221;no-extra-padding&#8221; column_padding_position=&#8221;all&#8221; background_color_opacity=&#8221;1&#8243; background_hover_color_opacity=&#8221;1&#8243; column_shadow=&#8221;medium_depth&#8221; width=&#8221;1\/2&#8243; tablet_text_alignment=&#8221;default&#8221; phone_text_alignment=&#8221;default&#8221; column_border_width=&#8221;none&#8221; column_border_style=&#8221;solid&#8221;][\/vc_column][vc_column column_padding=&#8221;no-extra-padding&#8221; column_padding_position=&#8221;all&#8221; background_color_opacity=&#8221;1&#8243; background_hover_color_opacity=&#8221;1&#8243; column_shadow=&#8221;none&#8221; width=&#8221;1\/2&#8243; tablet_text_alignment=&#8221;default&#8221; phone_text_alignment=&#8221;default&#8221; column_border_width=&#8221;none&#8221; column_border_style=&#8221;solid&#8221;][vc_column_text]El mundo de&#8230;","protected":false},"author":16,"featured_media":0,"parent":0,"menu_order":6,"comment_status":"closed","ping_status":"closed","template":"","meta":[],"_links":{"self":[{"href":"https:\/\/humantouchtranslations.com\/es\/wp-json\/wp\/v2\/pages\/1885"}],"collection":[{"href":"https:\/\/humantouchtranslations.com\/es\/wp-json\/wp\/v2\/pages"}],"about":[{"href":"https:\/\/humantouchtranslations.com\/es\/wp-json\/wp\/v2\/types\/page"}],"author":[{"embeddable":true,"href":"https:\/\/humantouchtranslations.com\/es\/wp-json\/wp\/v2\/users\/16"}],"replies":[{"embeddable":true,"href":"https:\/\/humantouchtranslations.com\/es\/wp-json\/wp\/v2\/comments?post=1885"}],"version-history":[{"count":8,"href":"https:\/\/humantouchtranslations.com\/es\/wp-json\/wp\/v2\/pages\/1885\/revisions"}],"predecessor-version":[{"id":2487,"href":"https:\/\/humantouchtranslations.com\/es\/wp-json\/wp\/v2\/pages\/1885\/revisions\/2487"}],"wp:attachment":[{"href":"https:\/\/humantouchtranslations.com\/es\/wp-json\/wp\/v2\/media?parent=1885"}],"curies":[{"name":"wp","href":"https:\/\/api.w.org\/{rel}","templated":true}]}}