





{"id":1895,"date":"2019-08-22T14:03:32","date_gmt":"2019-08-22T18:03:32","guid":{"rendered":"https:\/\/humantouchtranslations.com\/confidencialidad-y-confiabilidad\/"},"modified":"2019-09-26T21:08:23","modified_gmt":"2019-09-27T01:08:23","slug":"confidencialidad-y-confiabilidad","status":"publish","type":"page","link":"https:\/\/humantouchtranslations.com\/es\/confidencialidad-y-confiabilidad\/","title":{"rendered":"Confidencialidad y confiabilidad"},"content":{"rendered":"[vc_row type=&#8221;in_container&#8221; full_screen_row_position=&#8221;middle&#8221; scene_position=&#8221;center&#8221; text_color=&#8221;dark&#8221; text_align=&#8221;left&#8221; top_padding=&#8221;30&#8243; bottom_padding=&#8221;35&#8243; overlay_strength=&#8221;0.3&#8243;][vc_column column_padding=&#8221;no-extra-padding&#8221; column_padding_position=&#8221;all&#8221; background_color_opacity=&#8221;1&#8243; background_hover_color_opacity=&#8221;1&#8243; column_shadow=&#8221;medium_depth&#8221; width=&#8221;1\/2&#8243; tablet_text_alignment=&#8221;default&#8221; phone_text_alignment=&#8221;default&#8221; column_border_width=&#8221;none&#8221; column_border_style=&#8221;solid&#8221;]<div class=\"img-with-aniamtion-wrap \" data-max-width=\"100%\"><div class=\"inner\"><img data-shadow=\"none\" data-shadow-direction=\"middle\" class=\"img-with-animation \" data-delay=\"0\" height=\"800\" width=\"1200\" data-animation=\"fade-in\" src=\"https:\/\/humantouchtranslations.com\/wp-content\/uploads\/2018\/03\/humantouch-confidentiality-reliability.jpg\" srcset=\"https:\/\/humantouchtranslations.com\/wp-content\/uploads\/2018\/03\/humantouch-confidentiality-reliability.jpg 1200w, https:\/\/humantouchtranslations.com\/wp-content\/uploads\/2018\/03\/humantouch-confidentiality-reliability-300x200.jpg 300w, https:\/\/humantouchtranslations.com\/wp-content\/uploads\/2018\/03\/humantouch-confidentiality-reliability-768x512.jpg 768w, https:\/\/humantouchtranslations.com\/wp-content\/uploads\/2018\/03\/humantouch-confidentiality-reliability-1024x683.jpg 1024w\" sizes=\"100vw\" alt=\"\" \/><\/div><\/div>[\/vc_column][vc_column column_padding=&#8221;no-extra-padding&#8221; column_padding_position=&#8221;all&#8221; background_color_opacity=&#8221;1&#8243; background_hover_color_opacity=&#8221;1&#8243; column_shadow=&#8221;none&#8221; width=&#8221;1\/2&#8243; tablet_text_alignment=&#8221;default&#8221; phone_text_alignment=&#8221;default&#8221; column_border_width=&#8221;none&#8221; column_border_style=&#8221;solid&#8221;][vc_column_text]\r\n<h2>Confidencialidad<\/h2>\r\nEn Human Touch Translations mantenemos una cadena de custodia segura para que toda la informaci\u00f3n est\u00e9 protegida y disponible s\u00f3lo para aquellos con derechos de acceso adecuados.\r\n\r\nSu informaci\u00f3n est\u00e1 protegida por:\r\n<ul>\r\n \t<li>Una configuraci\u00f3n de almacenamiento cifrado basado en la nube dentro de una <a href=\"https:\/\/humantouchtranslations.com\/wp-content\/uploads\/2017\/12\/HTT_Document-Security.pdf\">red privada virtual<\/a> que brinda la m\u00e1xima seguridad, la columna vertebral de TI de nuestro negocio principal.<\/li>\r\n \t<li>Un host interno de todo el software de gesti\u00f3n de proyectos, lo que garantiza que la informaci\u00f3n confidencial no caiga en manos de terceros<\/li>\r\n \t<li>Un intercambio de correo electr\u00f3nico seguro y cifrado para documentos de gran volumen y\/o confidenciales<\/li>\r\n \t<li>La implementaci\u00f3n del Factor de Doble Autenticaci\u00f3n en todas las estaciones de trabajo y en las cuentas de los usuario que trabajan en HTT<\/li>\r\n<\/ul>\r\n[\/vc_column_text][\/vc_column][\/vc_row][vc_row type=&#8221;in_container&#8221; full_screen_row_position=&#8221;middle&#8221; scene_position=&#8221;center&#8221; text_color=&#8221;dark&#8221; text_align=&#8221;left&#8221; overlay_strength=&#8221;0.3&#8243;][vc_column column_padding=&#8221;no-extra-padding&#8221; column_padding_position=&#8221;all&#8221; background_color_opacity=&#8221;1&#8243; background_hover_color_opacity=&#8221;1&#8243; column_shadow=&#8221;none&#8221; width=&#8221;1\/1&#8243; tablet_text_alignment=&#8221;default&#8221; phone_text_alignment=&#8221;default&#8221; column_border_width=&#8221;none&#8221; column_border_style=&#8221;solid&#8221;][vc_column_text]\r\n<h2>Fiabilidad<\/h2>\r\nCada proyecto entra\u00f1a un amplio proceso de trabajo en el que participan una selecci\u00f3n de <a href=\"http:\/\/tonus.co\/clientes\/humantouch\/translation\/\">traductores especializados<\/a>, editores, especialistas en <a href=\"http:\/\/tonus.co\/clientes\/humantouch\/transcreation\/\">transcreaci\u00f3n,<\/a> <a href=\"http:\/\/tonus.co\/clientes\/humantouch\/interpreting\/\">int\u00e9rpretes<\/a> y otros profesionales de idiomas. Los flujos de trabajo de los proyectos son supervisados de cerca por administradores de proyectos asignados de acuerdo con nuestros procesos y normas certificados por la <a href=\"https:\/\/www.iso.org\/home.html\">Organizaci\u00f3n Internacional de Normalizaci\u00f3n (ISO)<\/a> para proporcionar servicios ling\u00fc\u00edsticos de clase mundial.\r\n<ul>\r\n \t<li style=\"list-style-type: none;\">\r\n<ul>\r\n \t<li>Nuestro gestor de RR. HH. selecciona cuidadosamente a los ling\u00fcistas que cumplen con nuestros <a href=\"https:\/\/www.iso.org\/home.html\">est\u00e1ndares de calidad ISO<\/a>. Todos son seleccionados por los administradores de proyecto para cada proyecto espec\u00edfico en funci\u00f3n de su experiencia y experiencia.<\/li>\r\n \t<li>Cada administrador de proyectos se encuentra a su disposici\u00f3n las 24 horas y garantiza que todos los recursos y materiales est\u00e9n disponibles para cada ling\u00fcista de manera oportuna.<\/li>\r\n<\/ul>\r\n<\/li>\r\n<\/ul>\r\n&nbsp;\r\n<ul>\r\n \t<li style=\"list-style-type: none;\">\r\n<ul>\r\n \t<li>Los documentos del cliente se gestionan de forma segura y se comparten con los ling\u00fcistas en un entorno <a href=\"http:\/\/tonus.co\/clientes\/humantouch\/es\/confidentiality-reliability\/\">confidencial<\/a> <u><\/u>e independiente. A continuaci\u00f3n, los archivos traducidos se entregan en el formato y el plazo acordados.<\/li>\r\n<\/ul>\r\n<\/li>\r\n<\/ul>\r\n&nbsp;\r\n<ul>\r\n \t<li style=\"list-style-type: none;\">\r\n<ul>\r\n \t<li>Nuestros <a href=\"http:\/\/tonus.co\/clientes\/humantouch\/es\/interpreting\/\">int\u00e9rpretes<\/a> profesionales est\u00e1n capacitados adecuadamente y llegan antes de lo previsto para reunirse con el cliente antes de que comience la reuni\u00f3n.<\/li>\r\n<\/ul>\r\n<\/li>\r\n<\/ul>\r\n<ul>\r\n \t<li>Por \u00faltimo, pero no por ello menos importante, TODOS los ling\u00fcistas deben firmar un acuerdo de confidencialidad con HTT.<\/li>\r\n<\/ul>\r\n[\/vc_column_text] [\/vc_column] [\/vc_row]","protected":false},"excerpt":{"rendered":"[vc_row type=&#8221;in_container&#8221; full_screen_row_position=&#8221;middle&#8221; scene_position=&#8221;center&#8221; text_color=&#8221;dark&#8221; text_align=&#8221;left&#8221; top_padding=&#8221;30&#8243; bottom_padding=&#8221;35&#8243; overlay_strength=&#8221;0.3&#8243;][vc_column column_padding=&#8221;no-extra-padding&#8221; column_padding_position=&#8221;all&#8221; background_color_opacity=&#8221;1&#8243; background_hover_color_opacity=&#8221;1&#8243; column_shadow=&#8221;medium_depth&#8221; width=&#8221;1\/2&#8243; tablet_text_alignment=&#8221;default&#8221; phone_text_alignment=&#8221;default&#8221; column_border_width=&#8221;none&#8221; column_border_style=&#8221;solid&#8221;][\/vc_column][vc_column column_padding=&#8221;no-extra-padding&#8221; column_padding_position=&#8221;all&#8221; background_color_opacity=&#8221;1&#8243; background_hover_color_opacity=&#8221;1&#8243; column_shadow=&#8221;none&#8221; width=&#8221;1\/2&#8243; tablet_text_alignment=&#8221;default&#8221; phone_text_alignment=&#8221;default&#8221; column_border_width=&#8221;none&#8221; column_border_style=&#8221;solid&#8221;][vc_column_text] Confidencialidad&#8230;","protected":false},"author":16,"featured_media":0,"parent":0,"menu_order":7,"comment_status":"closed","ping_status":"closed","template":"","meta":[],"_links":{"self":[{"href":"https:\/\/humantouchtranslations.com\/es\/wp-json\/wp\/v2\/pages\/1895"}],"collection":[{"href":"https:\/\/humantouchtranslations.com\/es\/wp-json\/wp\/v2\/pages"}],"about":[{"href":"https:\/\/humantouchtranslations.com\/es\/wp-json\/wp\/v2\/types\/page"}],"author":[{"embeddable":true,"href":"https:\/\/humantouchtranslations.com\/es\/wp-json\/wp\/v2\/users\/16"}],"replies":[{"embeddable":true,"href":"https:\/\/humantouchtranslations.com\/es\/wp-json\/wp\/v2\/comments?post=1895"}],"version-history":[{"count":6,"href":"https:\/\/humantouchtranslations.com\/es\/wp-json\/wp\/v2\/pages\/1895\/revisions"}],"predecessor-version":[{"id":2192,"href":"https:\/\/humantouchtranslations.com\/es\/wp-json\/wp\/v2\/pages\/1895\/revisions\/2192"}],"wp:attachment":[{"href":"https:\/\/humantouchtranslations.com\/es\/wp-json\/wp\/v2\/media?parent=1895"}],"curies":[{"name":"wp","href":"https:\/\/api.w.org\/{rel}","templated":true}]}}