





{"id":1903,"date":"2019-08-22T14:07:50","date_gmt":"2019-08-22T18:07:50","guid":{"rendered":"https:\/\/humantouchtranslations.com\/seguro-de-ciberseguridad\/"},"modified":"2019-11-22T15:59:06","modified_gmt":"2019-11-22T20:59:06","slug":"seguro-de-ciberseguridad","status":"publish","type":"page","link":"https:\/\/humantouchtranslations.com\/es\/seguro-de-ciberseguridad\/","title":{"rendered":"Seguro de seguridad inform\u00e1tica"},"content":{"rendered":"[ vc_row type=&#8221;in_container\u00bb full_screen_row_position=&#8221;middle\u00bb scene_position=&#8221;center\u00bb text_color=&#8221;dark\u00bb text_align=&#8221;left\u00bb top_padding=&#8221;30&#8243; overlay_strength=&#8221;0.3&#8243;] [vc_column column_padding=&#8221;no-extra-padding\u00bb column_padding_position=&#8221;all\u00bb background_color_opacity=&#8221;1&#8243; columna_ shadow=&#8221;medium_depth\u00bb width=&#8221;1\/2&#8243; tablet_text_alignment=&#8221;default\u00bb phone_text_alignment=&#8221;default\u00bb column_border_width=&#8221;none\u00bb column_border_style=&#8221;solid &#8220;] <div class=\"img-with-aniamtion-wrap left\" data-max-width=\"\u00bb\"><div class=\"inner\"><img data-shadow=\"none\" data-shadow-direction=\"middle\" class=\"img-with-animation \" data-delay=\"0\" height=\"800\" width=\"1200\" data-animation=\"fade-in\" src=\"https:\/\/humantouchtranslations.com\/wp-content\/uploads\/2018\/09\/cyber-security-insurance-1.jpg\" srcset=\"https:\/\/humantouchtranslations.com\/wp-content\/uploads\/2018\/09\/cyber-security-insurance-1.jpg 1200w, https:\/\/humantouchtranslations.com\/wp-content\/uploads\/2018\/09\/cyber-security-insurance-1-300x200.jpg 300w, https:\/\/humantouchtranslations.com\/wp-content\/uploads\/2018\/09\/cyber-security-insurance-1-768x512.jpg 768w, https:\/\/humantouchtranslations.com\/wp-content\/uploads\/2018\/09\/cyber-security-insurance-1-1024x683.jpg 1024w\" sizes=\"100vw\" alt=\"\" \/><\/div><\/div> [\/vc_column] column_padding=&#8221;no-extra-padding \u00abcolumn_padding_position=&#8221;all\u00bb background_color_opacity=&#8221;1&#8243; background_hover_color_opacity=&#8221;1&#8243; column_shadow=&#8221;none\u00bb width=&#8221;1\/2&#8243; tablet_text_alignment=&#8221;default\u00bb phone_text_alignment=&#8221;default\u00bb column_border_width=&#8221;none\u00bb column_border_style=&#8221;solid &#8220;] [vc_column_text]\r\n<div class=\"homecnt\">\r\n\r\nEn el mundo virtual actual, el desaf\u00edo de mantener la privacidad de la informaci\u00f3n e impedir el acceso no autorizado a los datos estrat\u00e9gicos y financieros implica un esfuerzo incansable. Las grandes corporaciones han sufrido ataques cibern\u00e9ticos que han tenido un inmenso impacto financiero y han puesto en peligro la seguridad de la informaci\u00f3n de sus clientes.\r\n\r\nD\u00eda a d\u00eda, Human Touch Translations se esfuerza por identificar formas de proteger a nuestros clientes y su informaci\u00f3n. Como pioneros en la industria de servicios ling\u00fc\u00edsticos, hemos adquirido seguros de ciberseguridad, una protecci\u00f3n adicional en nuestro mundo virtual. Nuestra pol\u00edtica exige que los empleados de Human Touch Translations est\u00e9n capacitados y certificados en seguridad cibern\u00e9tica. Su empresa, si lo requiere, puede recibir la protecci\u00f3n prevista por nuestra pol\u00edtica.\r\n\r\n<\/div>\r\n[\/vc_column_text] [\/vc_column] [\/vc_row]","protected":false},"excerpt":{"rendered":"[ vc_row type=&#8221;in_container\u00bb full_screen_row_position=&#8221;middle\u00bb scene_position=&#8221;center\u00bb text_color=&#8221;dark\u00bb text_align=&#8221;left\u00bb top_padding=&#8221;30&#8243; overlay_strength=&#8221;0.3&#8243;] [vc_column column_padding=&#8221;no-extra-padding\u00bb column_padding_position=&#8221;all\u00bb background_color_opacity=&#8221;1&#8243; columna_ shadow=&#8221;medium_depth\u00bb width=&#8221;1\/2&#8243; tablet_text_alignment=&#8221;default\u00bb phone_text_alignment=&#8221;default\u00bb column_border_width=&#8221;none\u00bb column_border_style=&#8221;solid &#8220;] [\/vc_column] column_padding=&#8221;no-extra-padding \u00abcolumn_padding_position=&#8221;all\u00bb background_color_opacity=&#8221;1&#8243; background_hover_color_opacity=&#8221;1&#8243; column_shadow=&#8221;none\u00bb width=&#8221;1\/2&#8221; tablet_text_alignment=&#8221;default\u00bb phone_text_alignment=&#8221;default\u00bb&#8230;","protected":false},"author":16,"featured_media":0,"parent":0,"menu_order":10,"comment_status":"closed","ping_status":"closed","template":"","meta":[],"_links":{"self":[{"href":"https:\/\/humantouchtranslations.com\/es\/wp-json\/wp\/v2\/pages\/1903"}],"collection":[{"href":"https:\/\/humantouchtranslations.com\/es\/wp-json\/wp\/v2\/pages"}],"about":[{"href":"https:\/\/humantouchtranslations.com\/es\/wp-json\/wp\/v2\/types\/page"}],"author":[{"embeddable":true,"href":"https:\/\/humantouchtranslations.com\/es\/wp-json\/wp\/v2\/users\/16"}],"replies":[{"embeddable":true,"href":"https:\/\/humantouchtranslations.com\/es\/wp-json\/wp\/v2\/comments?post=1903"}],"version-history":[{"count":7,"href":"https:\/\/humantouchtranslations.com\/es\/wp-json\/wp\/v2\/pages\/1903\/revisions"}],"predecessor-version":[{"id":2358,"href":"https:\/\/humantouchtranslations.com\/es\/wp-json\/wp\/v2\/pages\/1903\/revisions\/2358"}],"wp:attachment":[{"href":"https:\/\/humantouchtranslations.com\/es\/wp-json\/wp\/v2\/media?parent=1903"}],"curies":[{"name":"wp","href":"https:\/\/api.w.org\/{rel}","templated":true}]}}