





{"id":1913,"date":"2019-08-22T14:08:15","date_gmt":"2019-08-22T18:08:15","guid":{"rendered":"https:\/\/humantouchtranslations.com\/administracion-de-proyectos\/"},"modified":"2019-09-26T11:52:05","modified_gmt":"2019-09-26T15:52:05","slug":"administracion-de-proyectos","status":"publish","type":"page","link":"https:\/\/humantouchtranslations.com\/es\/administracion-de-proyectos\/","title":{"rendered":"Administraci\u00f3n de proyectos"},"content":{"rendered":"[vc_row type=&#8221;in_container&#8221; full_screen_row_position=&#8221;middle&#8221; scene_position=&#8221;center&#8221; text_color=&#8221;dark&#8221; text_align=&#8221;left&#8221; top_padding=&#8221;30&#8243; overlay_strength=&#8221;0.3&#8243;][vc_column column_padding=&#8221;no-extra-padding&#8221; column_padding_position=&#8221;all&#8221; background_color_opacity=&#8221;1&#8243; background_hover_color_opacity=&#8221;1&#8243; column_shadow=&#8221;medium_depth&#8221; width=&#8221;1\/2&#8243; tablet_text_alignment=&#8221;default&#8221; phone_text_alignment=&#8221;default&#8221; column_border_width=&#8221;none&#8221; column_border_style=&#8221;solid&#8221;]<div class=\"img-with-aniamtion-wrap \" data-max-width=\"100%\"><div class=\"inner\"><img data-shadow=\"none\" data-shadow-direction=\"middle\" class=\"img-with-animation \" data-delay=\"0\" height=\"800\" width=\"1200\" data-animation=\"fade-in\" src=\"https:\/\/humantouchtranslations.com\/wp-content\/uploads\/2018\/08\/project-management.jpg\" srcset=\"https:\/\/humantouchtranslations.com\/wp-content\/uploads\/2018\/08\/project-management.jpg 1200w, https:\/\/humantouchtranslations.com\/wp-content\/uploads\/2018\/08\/project-management-300x200.jpg 300w, https:\/\/humantouchtranslations.com\/wp-content\/uploads\/2018\/08\/project-management-768x512.jpg 768w, https:\/\/humantouchtranslations.com\/wp-content\/uploads\/2018\/08\/project-management-1024x683.jpg 1024w\" sizes=\"100vw\" alt=\"\" \/><\/div><\/div>[\/vc_column][vc_column column_padding=&#8221;no-extra-padding&#8221; column_padding_position=&#8221;all&#8221; background_color_opacity=&#8221;1&#8243; background_hover_color_opacity=&#8221;1&#8243; column_shadow=&#8221;none&#8221; width=&#8221;1\/2&#8243; tablet_text_alignment=&#8221;default&#8221; phone_text_alignment=&#8221;default&#8221; column_border_width=&#8221;none&#8221; column_border_style=&#8221;solid&#8221;][vc_column_text]Asignamos administradores de proyecto profesionales a todos y cada uno de los proyectos. El administrador de cuentas trabaja codo con codo con el administrador de proyectos, que supervisa todo el ciclo de vida del proceso de flujo de trabajo, ya sea interpretaci\u00f3n, traducci\u00f3n de documentos o cualquier otro servicio ling\u00fc\u00edstico que usted pueda necesitar.\r\n\r\nNuestros administradores de proyecto utilizan un sofisticado sistema de gesti\u00f3n de proyectos, un software utilizado para garantizar que nada quede librado al azar&#8230; a nivel de proyecto o durante el proceso. En otras palabras, mientras que la tarea principal de traducir sus materiales escritos es realizada por traductores humanos que se encuentran entre los mejores de la industria, el procesamiento y seguimiento de sus proyectos se llevan a cabo utilizando un s\u00f3lido sistema automatizado de monitoreo de procesos que es insuperable en la industria.\r\n\r\nUsted se beneficiar\u00e1 de nuestro <a href=\"https:\/\/humantouchtranslations.com\/how-we-work\/project-management\/#workflow\">proceso de flujo de trabajo de traducci\u00f3n <\/a>de extremo a extremo que proporciona un seguimiento y organizaci\u00f3n a prueba de errores de todos sus proyectos independientemente del volumen. Adem\u00e1s, el uso de este sistema permite a nuestros administradores de proyectos mantenerlo al tanto del estado de su proyecto. Todas estas eficiencias se traducen en tiempos de entrega m\u00e1s r\u00e1pidos y servicios de valor a\u00f1adido.[\/vc_column_text][\/vc_column][\/vc_row][vc_row type=&#8221;in_container&#8221; full_screen_row_position=&#8221;middle&#8221; scene_position=&#8221;center&#8221; text_color=&#8221;dark&#8221; text_align=&#8221;left&#8221; overlay_strength=&#8221;0.3&#8243;][vc_column centered_text=&#8221;true&#8221; column_padding=&#8221;padding-4-percent&#8221; column_padding_position=&#8221;all&#8221; background_color_opacity=&#8221;1&#8243; background_hover_color_opacity=&#8221;1&#8243; column_shadow=&#8221;none&#8221; width=&#8221;1\/1&#8243; tablet_text_alignment=&#8221;default&#8221; phone_text_alignment=&#8221;default&#8221; column_border_width=&#8221;none&#8221; column_border_color=&#8221;#ffffff&#8221; column_border_style=&#8221;solid&#8221;]<div class=\"img-with-aniamtion-wrap center\" data-max-width=\"100%\"><div class=\"inner\"><img data-shadow=\"large_depth\" data-shadow-direction=\"middle\" class=\"img-with-animation diagram\" data-delay=\"0\" height=\"648\" width=\"642\" data-animation=\"fade-in\" src=\"https:\/\/humantouchtranslations.com\/wp-content\/uploads\/2018\/08\/diagram.jpg\" srcset=\"https:\/\/humantouchtranslations.com\/wp-content\/uploads\/2018\/08\/diagram.jpg 642w, https:\/\/humantouchtranslations.com\/wp-content\/uploads\/2018\/08\/diagram-150x150.jpg 150w, https:\/\/humantouchtranslations.com\/wp-content\/uploads\/2018\/08\/diagram-297x300.jpg 297w\" sizes=\"100vw\" alt=\"\" \/><\/div><\/div>[\/vc_column][\/vc_row]","protected":false},"excerpt":{"rendered":"[vc_row type=&#8221;in_container&#8221; full_screen_row_position=&#8221;middle&#8221; scene_position=&#8221;center&#8221; text_color=&#8221;dark&#8221; text_align=&#8221;left&#8221; top_padding=&#8221;30&#8243; overlay_strength=&#8221;0.3&#8243;][vc_column column_padding=&#8221;no-extra-padding&#8221; column_padding_position=&#8221;all&#8221; background_color_opacity=&#8221;1&#8243; background_hover_color_opacity=&#8221;1&#8243; column_shadow=&#8221;medium_depth&#8221; width=&#8221;1\/2&#8243; tablet_text_alignment=&#8221;default&#8221; phone_text_alignment=&#8221;default&#8221; column_border_width=&#8221;none&#8221; column_border_style=&#8221;solid&#8221;][\/vc_column][vc_column column_padding=&#8221;no-extra-padding&#8221; column_padding_position=&#8221;all&#8221; background_color_opacity=&#8221;1&#8243; background_hover_color_opacity=&#8221;1&#8243; column_shadow=&#8221;none&#8221; width=&#8221;1\/2&#8243; tablet_text_alignment=&#8221;default&#8221; phone_text_alignment=&#8221;default&#8221; column_border_width=&#8221;none&#8221; column_border_style=&#8221;solid&#8221;][vc_column_text]Asignamos administradores de&#8230;","protected":false},"author":16,"featured_media":0,"parent":0,"menu_order":3,"comment_status":"closed","ping_status":"closed","template":"","meta":[],"_links":{"self":[{"href":"https:\/\/humantouchtranslations.com\/es\/wp-json\/wp\/v2\/pages\/1913"}],"collection":[{"href":"https:\/\/humantouchtranslations.com\/es\/wp-json\/wp\/v2\/pages"}],"about":[{"href":"https:\/\/humantouchtranslations.com\/es\/wp-json\/wp\/v2\/types\/page"}],"author":[{"embeddable":true,"href":"https:\/\/humantouchtranslations.com\/es\/wp-json\/wp\/v2\/users\/16"}],"replies":[{"embeddable":true,"href":"https:\/\/humantouchtranslations.com\/es\/wp-json\/wp\/v2\/comments?post=1913"}],"version-history":[{"count":8,"href":"https:\/\/humantouchtranslations.com\/es\/wp-json\/wp\/v2\/pages\/1913\/revisions"}],"predecessor-version":[{"id":2191,"href":"https:\/\/humantouchtranslations.com\/es\/wp-json\/wp\/v2\/pages\/1913\/revisions\/2191"}],"wp:attachment":[{"href":"https:\/\/humantouchtranslations.com\/es\/wp-json\/wp\/v2\/media?parent=1913"}],"curies":[{"name":"wp","href":"https:\/\/api.w.org\/{rel}","templated":true}]}}