





{"id":1918,"date":"2019-08-22T14:08:27","date_gmt":"2019-08-22T18:08:27","guid":{"rendered":"https:\/\/humantouchtranslations.com\/educacion\/"},"modified":"2019-12-10T16:48:52","modified_gmt":"2019-12-10T21:48:52","slug":"educacion","status":"publish","type":"page","link":"https:\/\/humantouchtranslations.com\/es\/educacion\/","title":{"rendered":"Educaci\u00f3n"},"content":{"rendered":"[vc_row type=&#8221;in_container&#8221; full_screen_row_position=&#8221;middle&#8221; scene_position=&#8221;center&#8221; text_color=&#8221;dark&#8221; text_align=&#8221;left&#8221; top_padding=&#8221;40&#8243; overlay_strength=&#8221;0.3&#8243;][vc_column column_padding=&#8221;no-extra-padding&#8221; column_padding_position=&#8221;all&#8221; background_color_opacity=&#8221;1&#8243; background_hover_color_opacity=&#8221;1&#8243; column_shadow=&#8221;medium_depth&#8221; width=&#8221;1\/2&#8243; tablet_text_alignment=&#8221;default&#8221; phone_text_alignment=&#8221;default&#8221; column_border_width=&#8221;none&#8221; column_border_style=&#8221;solid&#8221;]<div class=\"img-with-aniamtion-wrap \" data-max-width=\"100%\"><div class=\"inner\"><img data-shadow=\"none\" data-shadow-direction=\"middle\" class=\"img-with-animation \" data-delay=\"0\" height=\"800\" width=\"1200\" data-animation=\"fade-in\" src=\"https:\/\/humantouchtranslations.com\/wp-content\/uploads\/2018\/03\/education.jpg\" srcset=\"https:\/\/humantouchtranslations.com\/wp-content\/uploads\/2018\/03\/education.jpg 1200w, https:\/\/humantouchtranslations.com\/wp-content\/uploads\/2018\/03\/education-300x200.jpg 300w, https:\/\/humantouchtranslations.com\/wp-content\/uploads\/2018\/03\/education-768x512.jpg 768w, https:\/\/humantouchtranslations.com\/wp-content\/uploads\/2018\/03\/education-1024x683.jpg 1024w\" sizes=\"100vw\" alt=\"\" \/><\/div><\/div>[\/vc_column][vc_column column_padding=&#8221;no-extra-padding&#8221; column_padding_position=&#8221;all&#8221; background_color_opacity=&#8221;1&#8243; background_hover_color_opacity=&#8221;1&#8243; column_shadow=&#8221;none&#8221; width=&#8221;1\/2&#8243; tablet_text_alignment=&#8221;default&#8221; phone_text_alignment=&#8221;default&#8221; column_border_width=&#8221;none&#8221; column_border_style=&#8221;solid&#8221;][vc_column_text]Human Touch Translations brinda la m\u00e1s alta calidad en servicios de <a href=\"https:\/\/humantouchtranslations.com\/es\/traduccion\/\">traducci\u00f3n<\/a> e <a href=\"https:\/\/humantouchtranslations.com\/es\/interpretacion-presencial\/\">interpretaci\u00f3n<\/a> a los centros de ense\u00f1anza primaria y secundaria, y a los centros de ense\u00f1anza superior. Nuestro enfoque personalizado lleva su contenido una calificaci\u00f3n por encima del resto.\r\n<h2>Traducci\u00f3n de documentos<\/h2>\r\nContamos con una gran experiencia en la traducci\u00f3n de una amplia gama de materiales educativos, incluidos:\r\n\r\n<div class=\"col span_6\" data-animation=\"\" data-delay=\"0\">\r\n<ul>\r\n \t<li>Documentos del IEP (Plan Educativo Individual)<\/li>\r\n \t<li>Manuales escolares<\/li>\r\n \t<li>P\u00e1ginas del sitio web de institutciones educativas<\/li>\r\n \t<li>Diplomas y planes de estudio<\/li>\r\n \t<li>Gu\u00edas escolares, manuales<\/li>\r\n \t<li>Cat\u00e1logos de cursos<\/li>\r\n \t<li>Hojas informativas y cuardernillos escolares<\/li>\r\n \t<li>Instrucciones de evaluaciones estatales<\/li>\r\n \t<li>Formularios de consentimiento<\/li>\r\n<\/ul>\r\n<\/div><div class=\"col span_6\" data-animation=\"\" data-delay=\"0\">\r\n<ul>\r\n \t<li>Manuales de empleados<\/li>\r\n \t<li>Folletos y volantes<\/li>\r\n \t<li>Formularios K-12<\/li>\r\n \t<li>Materiales legales<\/li>\r\n \t<li>Ex\u00e1menes, pruebas, evaluaciones<\/li>\r\n \t<li>Boletines informativos<\/li>\r\n \t<li>Formularios de inscripci\u00f3n en l\u00ednea<\/li>\r\n \t<li>Comunicaciones entre padres y maestros<\/li>\r\n \t<li>Boletines de calificaciones<\/li>\r\n \t<li>Informes de seguimiento<\/li>\r\n<\/ul>\r\n<\/div>[\/vc_column_text][\/vc_column][\/vc_row][vc_row type=&#8221;in_container&#8221; full_screen_row_position=&#8221;middle&#8221; scene_position=&#8221;center&#8221; text_color=&#8221;dark&#8221; text_align=&#8221;left&#8221; overlay_strength=&#8221;0.3&#8243;][vc_column column_padding=&#8221;no-extra-padding&#8221; column_padding_position=&#8221;all&#8221; background_color_opacity=&#8221;1&#8243; background_hover_color_opacity=&#8221;1&#8243; column_shadow=&#8221;none&#8221; width=&#8221;1\/1&#8243; tablet_text_alignment=&#8221;default&#8221; phone_text_alignment=&#8221;default&#8221; column_border_width=&#8221;none&#8221; column_border_style=&#8221;solid&#8221;][vc_column_text]\r\n<h2><a href=\"https:\/\/humantouchtranslations.com\/es\/interpretacion-presencial\">Interpretaci\u00f3n presencial<\/a><\/h2>\r\nFiel a nuestro objetivo de brindar servicios ling\u00fc\u00edsticos con un toque humano, ofrecemos servicios de interpretaci\u00f3n presencial a distritos escolares y universidades de los Estados Unidos.\r\n\r\nNuestra red global de ling\u00fcistas profesionales y altamente cualificados est\u00e1 disponible 24\/7 para satisfacer sus necesidades de interpretaci\u00f3n, superar las barreras ling\u00fc\u00edsticas y lograr la equivalencia transling\u00fc\u00edstica e intercultural. Nuestros int\u00e9rpretes ayudan a facilitar la comunicaci\u00f3n entre el personal educativo, los padres y los alumnos con dominio <a href=\"https:\/\/humantouchtranslations.com\/es\/interpretacion-presencial\">limitado del ingl\u00e9s<\/a><u><\/u>, ya sea para conferencias de padres y maestros, registros, reuniones interdisciplinarias, graduaciones o ex\u00e1menes estatales.\r\n<h2>\u00bf Por qu\u00e9 elegirnos?<\/h2>\r\n<ul>\r\n \t<li><strong>Experiencia: <\/strong>nuestros ling\u00fcistas profesionales tienen una amplia experiencia en el campo de la educaci\u00f3n.<\/li>\r\n \t<li><strong>Servicio personalizado:<\/strong> su proyecto se encuentra a cargo de un administrador de proyectos dedicado que garantiza la calidad y precisi\u00f3n de los servicios ling\u00fc\u00edsticos.<\/li>\r\n \t<li><strong>Puntualidad, precisi\u00f3n y fiabilidad:<\/strong> garantizamos la entrega puntual de los materiales traducidos, la asignaci\u00f3n de int\u00e9rpretes confiables y la entrega de traducciones escritas y orales que transmiten el significado del texto original o del orador con precisi\u00f3n y de una manera culturalmente apropiada.<\/li>\r\n \t<li><strong>Confidencialidad:<\/strong> la confidencialidad de sus materiales se encuentra garantizada no s\u00f3lo a trav\u00e9s de acuerdos de confidencialidad firmados por todos los ling\u00fcistas que trabajan en sus proyectos, sino tambi\u00e9n a trav\u00e9s de nuestra infraestructura de tecnolog\u00eda de la informaci\u00f3n altamente segura. Descargue nuestro <a href=\"https:\/\/humantouchtranslations.com\/wp-content\/uploads\/2017\/12\/HTT_Document-Security.pdf\">Informe sobre la seguridad de documentos<\/a> para obtener m\u00e1s informaci\u00f3n.<\/li>\r\n<\/ul>\r\n[\/vc_column_text] [\/vc_column] [\/vc_row]","protected":false},"excerpt":{"rendered":"[vc_row type=&#8221;in_container&#8221; full_screen_row_position=&#8221;middle&#8221; scene_position=&#8221;center&#8221; text_color=&#8221;dark&#8221; text_align=&#8221;left&#8221; top_padding=&#8221;40&#8243; overlay_strength=&#8221;0.3&#8243;][vc_column column_padding=&#8221;no-extra-padding&#8221; column_padding_position=&#8221;all&#8221; background_color_opacity=&#8221;1&#8243; background_hover_color_opacity=&#8221;1&#8243; column_shadow=&#8221;medium_depth&#8221; width=&#8221;1\/2&#8243; tablet_text_alignment=&#8221;default&#8221; phone_text_alignment=&#8221;default&#8221; column_border_width=&#8221;none&#8221; column_border_style=&#8221;solid&#8221;][\/vc_column][vc_column column_padding=&#8221;no-extra-padding&#8221; column_padding_position=&#8221;all&#8221; background_color_opacity=&#8221;1&#8243; background_hover_color_opacity=&#8221;1&#8243; column_shadow=&#8221;none&#8221; width=&#8221;1\/2&#8243; tablet_text_alignment=&#8221;default&#8221; phone_text_alignment=&#8221;default&#8221; column_border_width=&#8221;none&#8221; column_border_style=&#8221;solid&#8221;][vc_column_text]Human Touch Translations&#8230;","protected":false},"author":16,"featured_media":0,"parent":0,"menu_order":14,"comment_status":"closed","ping_status":"closed","template":"","meta":[],"_links":{"self":[{"href":"https:\/\/humantouchtranslations.com\/es\/wp-json\/wp\/v2\/pages\/1918"}],"collection":[{"href":"https:\/\/humantouchtranslations.com\/es\/wp-json\/wp\/v2\/pages"}],"about":[{"href":"https:\/\/humantouchtranslations.com\/es\/wp-json\/wp\/v2\/types\/page"}],"author":[{"embeddable":true,"href":"https:\/\/humantouchtranslations.com\/es\/wp-json\/wp\/v2\/users\/16"}],"replies":[{"embeddable":true,"href":"https:\/\/humantouchtranslations.com\/es\/wp-json\/wp\/v2\/comments?post=1918"}],"version-history":[{"count":10,"href":"https:\/\/humantouchtranslations.com\/es\/wp-json\/wp\/v2\/pages\/1918\/revisions"}],"predecessor-version":[{"id":2491,"href":"https:\/\/humantouchtranslations.com\/es\/wp-json\/wp\/v2\/pages\/1918\/revisions\/2491"}],"wp:attachment":[{"href":"https:\/\/humantouchtranslations.com\/es\/wp-json\/wp\/v2\/media?parent=1918"}],"curies":[{"name":"wp","href":"https:\/\/api.w.org\/{rel}","templated":true}]}}