





{"id":1919,"date":"2019-08-22T14:08:38","date_gmt":"2019-08-22T18:08:38","guid":{"rendered":"https:\/\/humantouchtranslations.com\/fmcg-y-comercio-minorista\/"},"modified":"2019-12-10T17:02:09","modified_gmt":"2019-12-10T22:02:09","slug":"fmcg-y-comercio-minorista","status":"publish","type":"page","link":"https:\/\/humantouchtranslations.com\/es\/fmcg-y-comercio-minorista\/","title":{"rendered":"Productos de consumo masivo y venta minorista"},"content":{"rendered":"[vc_row type=&#8221;in_container&#8221; full_screen_row_position=&#8221;middle&#8221; scene_position=&#8221;center&#8221; text_color=&#8221;dark&#8221; text_align=&#8221;left&#8221; top_padding=&#8221;40&#8243; overlay_strength=&#8221;0.3&#8243;][vc_column column_padding=&#8221;no-extra-padding&#8221; column_padding_position=&#8221;all&#8221; background_color_opacity=&#8221;1&#8243; background_hover_color_opacity=&#8221;1&#8243; column_shadow=&#8221;medium_depth&#8221; width=&#8221;1\/2&#8243; tablet_text_alignment=&#8221;default&#8221; phone_text_alignment=&#8221;default&#8221; column_border_width=&#8221;none&#8221; column_border_style=&#8221;solid&#8221;]<div class=\"img-with-aniamtion-wrap \" data-max-width=\"100%\"><div class=\"inner\"><img data-shadow=\"none\" data-shadow-direction=\"middle\" class=\"img-with-animation \" data-delay=\"0\" height=\"800\" width=\"1200\" data-animation=\"fade-in\" src=\"https:\/\/humantouchtranslations.com\/wp-content\/uploads\/2018\/03\/humantouch-fmcg-retail.jpg\" srcset=\"https:\/\/humantouchtranslations.com\/wp-content\/uploads\/2018\/03\/humantouch-fmcg-retail.jpg 1200w, https:\/\/humantouchtranslations.com\/wp-content\/uploads\/2018\/03\/humantouch-fmcg-retail-300x200.jpg 300w, https:\/\/humantouchtranslations.com\/wp-content\/uploads\/2018\/03\/humantouch-fmcg-retail-768x512.jpg 768w, https:\/\/humantouchtranslations.com\/wp-content\/uploads\/2018\/03\/humantouch-fmcg-retail-1024x683.jpg 1024w\" sizes=\"100vw\" alt=\"\" \/><\/div><\/div>[\/vc_column][vc_column column_padding=&#8221;no-extra-padding&#8221; column_padding_position=&#8221;all&#8221; background_color_opacity=&#8221;1&#8243; background_hover_color_opacity=&#8221;1&#8243; column_shadow=&#8221;none&#8221; width=&#8221;1\/2&#8243; tablet_text_alignment=&#8221;default&#8221; phone_text_alignment=&#8221;default&#8221; column_border_width=&#8221;none&#8221; column_border_style=&#8221;solid&#8221;][vc_column_text]En la econom\u00eda global actual, la adaptabilidad y la localizaci\u00f3n siguen siendo fundamentales para el \u00e9xito de los negocios. Nuestros <a href=\"https:\/\/humantouchtranslations.com\/es\/linguistas-profesionales\/\">traductores profesionales<\/a> tienen en cuenta los matices ling\u00fc\u00edsticos de cada mercado y las costumbres locales para garantizar un \u00f3ptima alcance y proximidad.\r\n\r\nEn Human Touch Translations, nos aseguramos de que la informaci\u00f3n transmitida por nuestros clientes llegue al p\u00fablico meta sin barreras idiom\u00e1ticas. Con nuestra red de profesionales globales, aseguramos una visi\u00f3n local y evitamos cualquier malentendido que pueda surgir debido a barreras culturales o ling\u00fc\u00edsticas. En Human Touch Translations lo ayudamos a llevar sus productos y servicios m\u00e1s all\u00e1 de los mercados tradicionales, satisfaciendo una necesidad global y atrayendo a una base de consumidores m\u00e1s amplia. [\/vc_column_text][\/vc_column][\/vc_row][vc_row type=&#8221;in_container&#8221; full_screen_row_position=&#8221;middle&#8221; scene_position=&#8221;center&#8221; text_color=&#8221;dark&#8221; text_align=&#8221;left&#8221; overlay_strength=&#8221;0.3&#8243;][vc_column column_padding=&#8221;no-extra-padding&#8221; column_padding_position=&#8221;all&#8221; background_color_opacity=&#8221;1&#8243; background_hover_color_opacity=&#8221;1&#8243; column_shadow=&#8221;none&#8221; width=&#8221;1\/1&#8243; tablet_text_alignment=&#8221;default&#8221; phone_text_alignment=&#8221;default&#8221; column_border_width=&#8221;none&#8221; column_border_style=&#8221;solid&#8221;][\/vc_column][\/vc_row]","protected":false},"excerpt":{"rendered":"[vc_row type=&#8221;in_container&#8221; full_screen_row_position=&#8221;middle&#8221; scene_position=&#8221;center&#8221; text_color=&#8221;dark&#8221; text_align=&#8221;left&#8221; top_padding=&#8221;40&#8243; overlay_strength=&#8221;0.3&#8243;][vc_column column_padding=&#8221;no-extra-padding&#8221; column_padding_position=&#8221;all&#8221; background_color_opacity=&#8221;1&#8243; background_hover_color_opacity=&#8221;1&#8243; column_shadow=&#8221;medium_depth&#8221; width=&#8221;1\/2&#8243; tablet_text_alignment=&#8221;default&#8221; phone_text_alignment=&#8221;default&#8221; column_border_width=&#8221;none&#8221; column_border_style=&#8221;solid&#8221;][\/vc_column][vc_column column_padding=&#8221;no-extra-padding&#8221; column_padding_position=&#8221;all&#8221; background_color_opacity=&#8221;1&#8243; background_hover_color_opacity=&#8221;1&#8243; column_shadow=&#8221;none&#8221; width=&#8221;1\/2&#8243; tablet_text_alignment=&#8221;default&#8221; phone_text_alignment=&#8221;default&#8221; column_border_width=&#8221;none&#8221; column_border_style=&#8221;solid&#8221;][vc_column_text]En la econom\u00eda&#8230;","protected":false},"author":16,"featured_media":0,"parent":0,"menu_order":15,"comment_status":"closed","ping_status":"closed","template":"","meta":[],"_links":{"self":[{"href":"https:\/\/humantouchtranslations.com\/es\/wp-json\/wp\/v2\/pages\/1919"}],"collection":[{"href":"https:\/\/humantouchtranslations.com\/es\/wp-json\/wp\/v2\/pages"}],"about":[{"href":"https:\/\/humantouchtranslations.com\/es\/wp-json\/wp\/v2\/types\/page"}],"author":[{"embeddable":true,"href":"https:\/\/humantouchtranslations.com\/es\/wp-json\/wp\/v2\/users\/16"}],"replies":[{"embeddable":true,"href":"https:\/\/humantouchtranslations.com\/es\/wp-json\/wp\/v2\/comments?post=1919"}],"version-history":[{"count":5,"href":"https:\/\/humantouchtranslations.com\/es\/wp-json\/wp\/v2\/pages\/1919\/revisions"}],"predecessor-version":[{"id":2492,"href":"https:\/\/humantouchtranslations.com\/es\/wp-json\/wp\/v2\/pages\/1919\/revisions\/2492"}],"wp:attachment":[{"href":"https:\/\/humantouchtranslations.com\/es\/wp-json\/wp\/v2\/media?parent=1919"}],"curies":[{"name":"wp","href":"https:\/\/api.w.org\/{rel}","templated":true}]}}