





{"id":1935,"date":"2019-08-22T14:08:57","date_gmt":"2019-08-22T18:08:57","guid":{"rendered":"https:\/\/humantouchtranslations.com\/gobierno\/"},"modified":"2019-12-10T17:10:15","modified_gmt":"2019-12-10T22:10:15","slug":"gobierno","status":"publish","type":"page","link":"https:\/\/humantouchtranslations.com\/es\/gobierno\/","title":{"rendered":"Gobierno"},"content":{"rendered":"[vc_row type=&#8221;in_container&#8221; full_screen_row_position=&#8221;middle&#8221; scene_position=&#8221;center&#8221; text_color=&#8221;dark&#8221; text_align=&#8221;left&#8221; top_padding=&#8221;40&#8243; overlay_strength=&#8221;0.3&#8243;][vc_column column_padding=&#8221;no-extra-padding&#8221; column_padding_position=&#8221;all&#8221; background_color_opacity=&#8221;1&#8243; background_hover_color_opacity=&#8221;1&#8243; column_shadow=&#8221;medium_depth&#8221; width=&#8221;1\/2&#8243; tablet_text_alignment=&#8221;default&#8221; phone_text_alignment=&#8221;default&#8221; column_border_width=&#8221;none&#8221; column_border_style=&#8221;solid&#8221;]<div class=\"img-with-aniamtion-wrap \" data-max-width=\"100%\"><div class=\"inner\"><img data-shadow=\"none\" data-shadow-direction=\"middle\" class=\"img-with-animation \" data-delay=\"0\" height=\"715\" width=\"1024\" data-animation=\"fade-in\" src=\"https:\/\/humantouchtranslations.com\/wp-content\/uploads\/2017\/12\/humantouch-government-01.jpg\" srcset=\"https:\/\/humantouchtranslations.com\/wp-content\/uploads\/2017\/12\/humantouch-government-01.jpg 1024w, https:\/\/humantouchtranslations.com\/wp-content\/uploads\/2017\/12\/humantouch-government-01-300x209.jpg 300w, https:\/\/humantouchtranslations.com\/wp-content\/uploads\/2017\/12\/humantouch-government-01-768x536.jpg 768w\" sizes=\"100vw\" alt=\"Human Touch Government\" \/><\/div><\/div>[\/vc_column][vc_column column_padding=&#8221;no-extra-padding&#8221; column_padding_position=&#8221;all&#8221; background_color_opacity=&#8221;1&#8243; background_hover_color_opacity=&#8221;1&#8243; column_shadow=&#8221;none&#8221; width=&#8221;1\/2&#8243; tablet_text_alignment=&#8221;default&#8221; phone_text_alignment=&#8221;default&#8221; column_border_width=&#8221;none&#8221; column_border_style=&#8221;solid&#8221;][vc_column_text]Human Touch Translations brinda servicios ling\u00fc\u00edsticos a los principales organismos gubernamentales federales, estatales, locales y municipales de los Estados Unidos. Confian en nuestra empresa para solicitar los diversos servicios ling\u00fc\u00edsticos y satisfacer las demandas de gran volumen y complejidad en los materiales de traducci\u00f3n de algunas de las agencias gubernamentales de mayor envergadura. En Human Touch Translations cumplimos con las normas de calidad aprobadas por ISO y con los est\u00e1ndares de seguridad m\u00e1s estrictos en la industria.\r\n\r\nNuestra red global de ling\u00fcistas profesionales e int\u00e9rpretes de lenguaje de se\u00f1as nos ayuda a servir a sectores gubernamentales, tales como:\r\n\r\n<div class=\"col span_6\" data-animation=\"\" data-delay=\"0\">\r\n<ul>\r\n \t<li>Banca y normativa<\/li>\r\n \t<li>Comercio y Comercio<\/li>\r\n \t<li>Defensa<\/li>\r\n \t<li>Aplicaci\u00f3n de la ley<\/li>\r\n<\/ul>\r\n<\/div><div class=\"col span_6\" data-animation=\"\" data-delay=\"0\">\r\n<ul>\r\n \t<li>Salud p\u00fablica<\/li>\r\n \t<li>Escuelas p\u00fablicas<\/li>\r\n \t<li>Servicios sociales<\/li>\r\n \t<li>Asuntos de veteranos<\/li>\r\n<\/ul>\r\n<\/div>[\/vc_column_text][\/vc_column][\/vc_row][vc_row type=&#8221;in_container&#8221; full_screen_row_position=&#8221;middle&#8221; scene_position=&#8221;center&#8221; text_color=&#8221;dark&#8221; text_align=&#8221;left&#8221; overlay_strength=&#8221;0.3&#8243;][vc_column column_padding=&#8221;padding-2-percent&#8221; column_padding_position=&#8221;all&#8221; background_color=&#8221;#1b4795&#8243; background_color_opacity=&#8221;1&#8243; background_hover_color_opacity=&#8221;1&#8243; font_color=&#8221;#ffffff&#8221; column_shadow=&#8221;medium_depth&#8221; el_class=&#8221;blue-box&#8221; width=&#8221;1\/2&#8243; tablet_text_alignment=&#8221;default&#8221; phone_text_alignment=&#8221;default&#8221; column_border_width=&#8221;none&#8221; column_border_style=&#8221;solid&#8221;][vc_column_text]\r\n<h3>HUMAN TOUCH TRANSLATIONS<\/h3>\r\nHuman Touch Translations Ltd.\r\n1010 Northern Boulevard, Suite 208\r\nGreat Neck, NY 11021\r\nTel\u00e9fono +1.646.358.4972\r\nFax: +1.888.679.7082\r\nSitio web: https:\/\/www.humantouchtranslations.com\r\n<strong>Administraci\u00f3n de contratos: Erika Nagy<\/strong>\r\n<strong>Pedidos:<\/strong> <a href=\"mailto:gsasales@humantouchtranslations.com\">gsasales@humantouchtranslations.com<\/a>[\/vc_column_text][\/vc_column][vc_column column_padding=&#8221;no-extra-padding&#8221; column_padding_position=&#8221;all&#8221; background_color_opacity=&#8221;1&#8243; background_hover_color_opacity=&#8221;1&#8243; column_shadow=&#8221;none&#8221; width=&#8221;1\/2&#8243; tablet_text_alignment=&#8221;default&#8221; phone_text_alignment=&#8221;default&#8221; column_border_width=&#8221;none&#8221; column_border_style=&#8221;solid&#8221;][vc_column_text]Human Touch Translations es el proveedor de servicios ling\u00fc\u00edsticos de su elecci\u00f3n:\r\n<ul>\r\n \t<li>GSA Federal Supply Schedule 738 II Clase: R608:47QRAA18D001K<\/li>\r\n \t<li>SAM registrado, c\u00f3digo CAGE: 5B0R8<\/li>\r\n \t<li>C\u00f3digos NAICS: 541930, 561410<\/li>\r\n \t<li>Certificado ISO 9001:2015.<\/li>\r\n \t<li>Empresa Certificada propiedad de Mujeres Empresarias (WBE)<\/li>\r\n \t<li>Lista de precios aprobada como proveedor de servicios ling\u00fc\u00edsticos a nivel federal disponible <a href=\"https:\/\/humantouchtranslations.com\/wp-content\/uploads\/2018\/01\/HTT_GSA_Brochure.pdf\">aqu\u00ed<\/a><\/li>\r\n<\/ul>\r\nPara obtener m\u00e1s informaci\u00f3n sobre la lista de precios aprobada para servicios ling\u00fc\u00edsticas a nivel Federal, visite la p\u00e1gina web de FSS en <a href=\"http:\/\/www.gsa.gov\/schedules-ordering\">http:\/\/www.gsa.gov\/schedules-ordering<\/a>\r\n\r\n<img decoding=\"async\" loading=\"lazy\" class=\"alignnone size-full wp-image-490\" src=\"https:\/\/humantouchtranslations.com\/wp-content\/uploads\/2017\/12\/schedule-logo-ht-number.jpg\" alt=\"\" width=\"244\" height=\"72\" \/> [\/vc_column] [\/vc_row]","protected":false},"excerpt":{"rendered":"[vc_row type=&#8221;in_container&#8221; full_screen_row_position=&#8221;middle&#8221; scene_position=&#8221;center&#8221; text_color=&#8221;dark&#8221; text_align=&#8221;left&#8221; top_padding=&#8221;40&#8243; overlay_strength=&#8221;0.3&#8243;][vc_column column_padding=&#8221;no-extra-padding&#8221; column_padding_position=&#8221;all&#8221; background_color_opacity=&#8221;1&#8243; background_hover_color_opacity=&#8221;1&#8243; column_shadow=&#8221;medium_depth&#8221; width=&#8221;1\/2&#8243; tablet_text_alignment=&#8221;default&#8221; phone_text_alignment=&#8221;default&#8221; column_border_width=&#8221;none&#8221; column_border_style=&#8221;solid&#8221;][\/vc_column][vc_column column_padding=&#8221;no-extra-padding&#8221; column_padding_position=&#8221;all&#8221; background_color_opacity=&#8221;1&#8243; background_hover_color_opacity=&#8221;1&#8243; column_shadow=&#8221;none&#8221; width=&#8221;1\/2&#8243; tablet_text_alignment=&#8221;default&#8221; phone_text_alignment=&#8221;default&#8221; column_border_width=&#8221;none&#8221; column_border_style=&#8221;solid&#8221;][vc_column_text]Human Touch Translations&#8230;","protected":false},"author":16,"featured_media":0,"parent":0,"menu_order":18,"comment_status":"closed","ping_status":"closed","template":"","meta":[],"_links":{"self":[{"href":"https:\/\/humantouchtranslations.com\/es\/wp-json\/wp\/v2\/pages\/1935"}],"collection":[{"href":"https:\/\/humantouchtranslations.com\/es\/wp-json\/wp\/v2\/pages"}],"about":[{"href":"https:\/\/humantouchtranslations.com\/es\/wp-json\/wp\/v2\/types\/page"}],"author":[{"embeddable":true,"href":"https:\/\/humantouchtranslations.com\/es\/wp-json\/wp\/v2\/users\/16"}],"replies":[{"embeddable":true,"href":"https:\/\/humantouchtranslations.com\/es\/wp-json\/wp\/v2\/comments?post=1935"}],"version-history":[{"count":9,"href":"https:\/\/humantouchtranslations.com\/es\/wp-json\/wp\/v2\/pages\/1935\/revisions"}],"predecessor-version":[{"id":2495,"href":"https:\/\/humantouchtranslations.com\/es\/wp-json\/wp\/v2\/pages\/1935\/revisions\/2495"}],"wp:attachment":[{"href":"https:\/\/humantouchtranslations.com\/es\/wp-json\/wp\/v2\/media?parent=1935"}],"curies":[{"name":"wp","href":"https:\/\/api.w.org\/{rel}","templated":true}]}}