





{"id":1953,"date":"2019-08-22T14:09:18","date_gmt":"2019-08-22T18:09:18","guid":{"rendered":"https:\/\/humantouchtranslations.com\/sumese-a-nuestro-equipo\/"},"modified":"2019-11-22T15:48:30","modified_gmt":"2019-11-22T20:48:30","slug":"sumese-a-nuestro-equipo","status":"publish","type":"page","link":"https:\/\/humantouchtranslations.com\/es\/sumese-a-nuestro-equipo\/","title":{"rendered":"S\u00famese al equipo"},"content":{"rendered":"[vc_row type=&#8221;in_container&#8221; full_screen_row_position=&#8221;middle&#8221; scene_position=&#8221;center&#8221; text_color=&#8221;dark&#8221; text_align=&#8221;left&#8221; top_padding=&#8221;30&#8243; bottom_padding=&#8221;35&#8243; overlay_strength=&#8221;0.3&#8243;][vc_column column_padding=&#8221;no-extra-padding&#8221; column_padding_position=&#8221;all&#8221; background_color_opacity=&#8221;1&#8243; background_hover_color_opacity=&#8221;1&#8243; column_shadow=&#8221;medium_depth&#8221; width=&#8221;1\/2&#8243; tablet_text_alignment=&#8221;default&#8221; phone_text_alignment=&#8221;default&#8221; column_border_width=&#8221;none&#8221; column_border_style=&#8221;solid&#8221;]<div class=\"img-with-aniamtion-wrap \" data-max-width=\"100%\"><div class=\"inner\"><img data-shadow=\"none\" data-shadow-direction=\"middle\" class=\"img-with-animation \" data-delay=\"0\" height=\"800\" width=\"1200\" data-animation=\"fade-in\" src=\"https:\/\/humantouchtranslations.com\/wp-content\/uploads\/2018\/03\/humantouch-join-our-team.jpg\" srcset=\"https:\/\/humantouchtranslations.com\/wp-content\/uploads\/2018\/03\/humantouch-join-our-team.jpg 1200w, https:\/\/humantouchtranslations.com\/wp-content\/uploads\/2018\/03\/humantouch-join-our-team-300x200.jpg 300w, https:\/\/humantouchtranslations.com\/wp-content\/uploads\/2018\/03\/humantouch-join-our-team-768x512.jpg 768w, https:\/\/humantouchtranslations.com\/wp-content\/uploads\/2018\/03\/humantouch-join-our-team-1024x683.jpg 1024w\" sizes=\"100vw\" alt=\"\" \/><\/div><\/div>[\/vc_column][vc_column column_padding=&#8221;no-extra-padding&#8221; column_padding_position=&#8221;all&#8221; background_color_opacity=&#8221;1&#8243; background_hover_color_opacity=&#8221;1&#8243; column_shadow=&#8221;none&#8221; width=&#8221;1\/2&#8243; tablet_text_alignment=&#8221;default&#8221; phone_text_alignment=&#8221;default&#8221; column_border_width=&#8221;none&#8221; column_border_style=&#8221;solid&#8221;][vc_column_text]En Human Touch translations ponemos el m\u00e1ximo \u00e9nfasis en recibir y ofrecer una excelente calidad ling\u00fc\u00edstica y en establecer relaciones de trabajo a largo plazo con nuestros ling\u00fcistas.\r\n\r\nSiempre buscamos trabajar con ling\u00fcistas que compartan nuestros valores, impulso, visi\u00f3n y compromiso a largo plazo con un excelente servicio al cliente. Como parte de nuestro riguroso proceso de contrataci\u00f3n, seleccionamos al ling\u00fcista m\u00e1s cualificado para cada tarea en funci\u00f3n de los requisitos de nuestros clientes, para que siempre trabaje en proyectos que se ajusten a tu perfil.\r\n\r\nSi cuenta con las siguientes calificaciones m\u00ednimas y tiene inter\u00e9s en unirse a nuestro equipo de ling\u00fcistas profesionales, env\u00ede un correo electr\u00f3nico a <a href=\"mailto:linguists@humantouchtranslations.com\">linguists@humantouchtranslations.com<\/a> con (1) su curr\u00edculum actualizado con su direcci\u00f3n actual y n\u00famero de tel\u00e9fono, e indique que cuenta con las calificaciones m\u00ednimas que se indican a continuaci\u00f3n, (2) una carta de presentaci\u00f3n con una descripci\u00f3n de los servicios que ofrece en sus combinaciones de idiomas e incluya al menos dos referencias con informaci\u00f3n de contactos verificables, y (3) sus tarifas en USD para todos los servicios ofrecidos: [\/vc_column_text][\/vc_column][\/vc_row][vc_row type=&#8221;in_container&#8221; full_screen_row_position=&#8221;middle&#8221; scene_position=&#8221;center&#8221; text_color=&#8221;dark&#8221; text_align=&#8221;left&#8221; overlay_strength=&#8221;0.3&#8243;][vc_column column_padding=&#8221;no-extra-padding&#8221; column_padding_position=&#8221;all&#8221; background_color_opacity=&#8221;1&#8243; background_hover_color_opacity=&#8221;1&#8243; column_shadow=&#8221;none&#8221; width=&#8221;1\/1&#8243; tablet_text_alignment=&#8221;default&#8221; phone_text_alignment=&#8221;default&#8221; column_border_width=&#8221;none&#8221; column_border_style=&#8221;solid&#8221;][vc_column_text]\r\n<ul>\r\n \t<li>La pasi\u00f3n y el compromiso con la prestaci\u00f3n de servicios ling\u00fc\u00edsticos;<\/li>\r\n \t<li>Nativo de la lengua meta;<\/li>\r\n \t<li>M\u00ednimo cinco a\u00f1os de experiencia en la prestaci\u00f3n de servicios ling\u00fc\u00edsticos;<\/li>\r\n \t<li>Licenciatura o su equivalente;<\/li>\r\n \t<li>Experiencia demostrable y\/o t\u00edtulo en un campo especializado (p. ej. patentes, legal, ingenier\u00eda, medicina, farmac\u00e9utica, etc.) ;<\/li>\r\n \t<li>Licenciatura o maestr\u00eda en traducci\u00f3n o interpretaci\u00f3n de una instituci\u00f3n acreditada.<\/li>\r\n<\/ul>\r\nNos complace recibir solicitudes de todos los ling\u00fcistas cualificados. Si no recibe una respuesta inmediata, no se alarme. Recibimos docenas de solicitudes diariamente, cada una de las cuales es cuidadosamente revisada por nuestro personal. Los candidatos calificados ser\u00e1n contactados a la brevedad. Gracias por considerar trabajar con Human Touch Translations. [\/vc_column_text] [\/vc_column] [\/vc_row]","protected":false},"excerpt":{"rendered":"[vc_row type=&#8221;in_container&#8221; full_screen_row_position=&#8221;middle&#8221; scene_position=&#8221;center&#8221; text_color=&#8221;dark&#8221; text_align=&#8221;left&#8221; top_padding=&#8221;30&#8243; bottom_padding=&#8221;35&#8243; overlay_strength=&#8221;0.3&#8243;][vc_column column_padding=&#8221;no-extra-padding&#8221; column_padding_position=&#8221;all&#8221; background_color_opacity=&#8221;1&#8243; background_hover_color_opacity=&#8221;1&#8243; column_shadow=&#8221;medium_depth&#8221; width=&#8221;1\/2&#8243; tablet_text_alignment=&#8221;default&#8221; phone_text_alignment=&#8221;default&#8221; column_border_width=&#8221;none&#8221; column_border_style=&#8221;solid&#8221;][\/vc_column][vc_column column_padding=&#8221;no-extra-padding&#8221; column_padding_position=&#8221;all&#8221; background_color_opacity=&#8221;1&#8243; background_hover_color_opacity=&#8221;1&#8243; column_shadow=&#8221;none&#8221; width=&#8221;1\/2&#8243; tablet_text_alignment=&#8221;default&#8221; phone_text_alignment=&#8221;default&#8221; column_border_width=&#8221;none&#8221; column_border_style=&#8221;solid&#8221;][vc_column_text]En Human&#8230;","protected":false},"author":16,"featured_media":0,"parent":0,"menu_order":21,"comment_status":"closed","ping_status":"closed","template":"","meta":[],"_links":{"self":[{"href":"https:\/\/humantouchtranslations.com\/es\/wp-json\/wp\/v2\/pages\/1953"}],"collection":[{"href":"https:\/\/humantouchtranslations.com\/es\/wp-json\/wp\/v2\/pages"}],"about":[{"href":"https:\/\/humantouchtranslations.com\/es\/wp-json\/wp\/v2\/types\/page"}],"author":[{"embeddable":true,"href":"https:\/\/humantouchtranslations.com\/es\/wp-json\/wp\/v2\/users\/16"}],"replies":[{"embeddable":true,"href":"https:\/\/humantouchtranslations.com\/es\/wp-json\/wp\/v2\/comments?post=1953"}],"version-history":[{"count":6,"href":"https:\/\/humantouchtranslations.com\/es\/wp-json\/wp\/v2\/pages\/1953\/revisions"}],"predecessor-version":[{"id":2356,"href":"https:\/\/humantouchtranslations.com\/es\/wp-json\/wp\/v2\/pages\/1953\/revisions\/2356"}],"wp:attachment":[{"href":"https:\/\/humantouchtranslations.com\/es\/wp-json\/wp\/v2\/media?parent=1953"}],"curies":[{"name":"wp","href":"https:\/\/api.w.org\/{rel}","templated":true}]}}