





{"id":1956,"date":"2019-08-22T14:09:28","date_gmt":"2019-08-22T18:09:28","guid":{"rendered":"https:\/\/humantouchtranslations.com\/interpretacion-presencial\/"},"modified":"2019-11-22T15:49:30","modified_gmt":"2019-11-22T20:49:30","slug":"interpretacion-presencial","status":"publish","type":"page","link":"https:\/\/humantouchtranslations.com\/es\/interpretacion-presencial\/","title":{"rendered":"Interpretaci\u00f3n presencial"},"content":{"rendered":"[vc_row type=&#8221;in_container&#8221; full_screen_row_position=&#8221;middle&#8221; scene_position=&#8221;center&#8221; text_color=&#8221;dark&#8221; text_align=&#8221;left&#8221; top_padding=&#8221;40&#8243; overlay_strength=&#8221;0.3&#8243;][vc_column column_padding=&#8221;no-extra-padding&#8221; column_padding_position=&#8221;all&#8221; background_color_opacity=&#8221;1&#8243; background_hover_color_opacity=&#8221;1&#8243; column_shadow=&#8221;medium_depth&#8221; width=&#8221;1\/2&#8243; tablet_text_alignment=&#8221;default&#8221; phone_text_alignment=&#8221;default&#8221; column_border_width=&#8221;none&#8221; column_border_style=&#8221;solid&#8221;]<div class=\"img-with-aniamtion-wrap \" data-max-width=\"100%\"><div class=\"inner\"><img data-shadow=\"none\" data-shadow-direction=\"middle\" class=\"img-with-animation \" data-delay=\"0\" height=\"1280\" width=\"1920\" data-animation=\"fade-in\" src=\"https:\/\/humantouchtranslations.com\/wp-content\/uploads\/2018\/03\/img-interpreting.jpg\" srcset=\"https:\/\/humantouchtranslations.com\/wp-content\/uploads\/2018\/03\/img-interpreting.jpg 1920w, https:\/\/humantouchtranslations.com\/wp-content\/uploads\/2018\/03\/img-interpreting-300x200.jpg 300w, https:\/\/humantouchtranslations.com\/wp-content\/uploads\/2018\/03\/img-interpreting-768x512.jpg 768w, https:\/\/humantouchtranslations.com\/wp-content\/uploads\/2018\/03\/img-interpreting-1024x683.jpg 1024w\" sizes=\"100vw\" alt=\"\" \/><\/div><\/div>[\/vc_column][vc_column column_padding=&#8221;no-extra-padding&#8221; column_padding_position=&#8221;all&#8221; background_color_opacity=&#8221;1&#8243; background_hover_color_opacity=&#8221;1&#8243; column_shadow=&#8221;none&#8221; width=&#8221;1\/2&#8243; tablet_text_alignment=&#8221;default&#8221; phone_text_alignment=&#8221;default&#8221; column_border_width=&#8221;none&#8221; column_border_style=&#8221;solid&#8221;][vc_column_text]Human Touch Translations ofrece servicios de interpretaci\u00f3n simult\u00e1nea y consecutiva presencial, ya sea para conferencias, seminarios, conferencias de padres y maestros o reuniones formales o informales.\r\n\r\nCon casi una d\u00e9cada de experiencia en la prestaci\u00f3n de servicios de interpretaci\u00f3n a agencias federales y estatales, instituciones educativas y de salud de los Estados Unidos, atendemos sus necesidades ling\u00fc\u00edsticas con int\u00e9rpretes calificados y certificados en cualquier idioma, y aseguramos que su mensaje o el de sus clientes se transmita con precisi\u00f3n y de una manera culturalmente sensible.\r\n\r\nTrabajar con Human Touch Translations significa mucho m\u00e1s que contratar a un proveedor; encontrar\u00e1 un socio que trabaja con usted estrechamente para proporcionar soluciones ling\u00fc\u00edsticas adaptadas a sus necesidades, en los plazos previstos y dentro del presupuesto. [\/vc_column_text] [\/vc_column] [\/vc_row]","protected":false},"excerpt":{"rendered":"[vc_row type=&#8221;in_container&#8221; full_screen_row_position=&#8221;middle&#8221; scene_position=&#8221;center&#8221; text_color=&#8221;dark&#8221; text_align=&#8221;left&#8221; top_padding=&#8221;40&#8243; overlay_strength=&#8221;0.3&#8243;][vc_column column_padding=&#8221;no-extra-padding&#8221; column_padding_position=&#8221;all&#8221; background_color_opacity=&#8221;1&#8243; background_hover_color_opacity=&#8221;1&#8243; column_shadow=&#8221;medium_depth&#8221; width=&#8221;1\/2&#8243; tablet_text_alignment=&#8221;default&#8221; phone_text_alignment=&#8221;default&#8221; column_border_width=&#8221;none&#8221; column_border_style=&#8221;solid&#8221;][\/vc_column][vc_column column_padding=&#8221;no-extra-padding&#8221; column_padding_position=&#8221;all&#8221; background_color_opacity=&#8221;1&#8243; background_hover_color_opacity=&#8221;1&#8243; column_shadow=&#8221;none&#8221; width=&#8221;1\/2&#8243; tablet_text_alignment=&#8221;default&#8221; phone_text_alignment=&#8221;default&#8221; column_border_width=&#8221;none&#8221; column_border_style=&#8221;solid&#8221;][vc_column_text]Human Touch Translations&#8230;","protected":false},"author":16,"featured_media":0,"parent":0,"menu_order":20,"comment_status":"closed","ping_status":"closed","template":"","meta":[],"_links":{"self":[{"href":"https:\/\/humantouchtranslations.com\/es\/wp-json\/wp\/v2\/pages\/1956"}],"collection":[{"href":"https:\/\/humantouchtranslations.com\/es\/wp-json\/wp\/v2\/pages"}],"about":[{"href":"https:\/\/humantouchtranslations.com\/es\/wp-json\/wp\/v2\/types\/page"}],"author":[{"embeddable":true,"href":"https:\/\/humantouchtranslations.com\/es\/wp-json\/wp\/v2\/users\/16"}],"replies":[{"embeddable":true,"href":"https:\/\/humantouchtranslations.com\/es\/wp-json\/wp\/v2\/comments?post=1956"}],"version-history":[{"count":4,"href":"https:\/\/humantouchtranslations.com\/es\/wp-json\/wp\/v2\/pages\/1956\/revisions"}],"predecessor-version":[{"id":2181,"href":"https:\/\/humantouchtranslations.com\/es\/wp-json\/wp\/v2\/pages\/1956\/revisions\/2181"}],"wp:attachment":[{"href":"https:\/\/humantouchtranslations.com\/es\/wp-json\/wp\/v2\/media?parent=1956"}],"curies":[{"name":"wp","href":"https:\/\/api.w.org\/{rel}","templated":true}]}}