





{"id":1975,"date":"2019-08-29T13:26:17","date_gmt":"2019-08-29T17:26:17","guid":{"rendered":"https:\/\/humantouchtranslations.com\/traduccion-e-interpretacion-legal\/"},"modified":"2019-12-10T17:19:00","modified_gmt":"2019-12-10T22:19:00","slug":"traduccion-e-interpretacion-legal","status":"publish","type":"page","link":"https:\/\/humantouchtranslations.com\/es\/traduccion-e-interpretacion-legal\/","title":{"rendered":"Traducci\u00f3n e interpretaci\u00f3n legal"},"content":{"rendered":"[vc_row type=&#8221;in_container&#8221; full_screen_row_position=&#8221;middle&#8221; scene_position=&#8221;center&#8221; text_color=&#8221;dark&#8221; text_align=&#8221;left&#8221; top_padding=&#8221;40&#8243; overlay_strength=&#8221;0.3&#8243;][vc_column column_padding=&#8221;no-extra-padding&#8221; column_padding_position=&#8221;all&#8221; background_color_opacity=&#8221;1&#8243; background_hover_color_opacity=&#8221;1&#8243; column_shadow=&#8221;medium_depth&#8221; width=&#8221;1\/2&#8243; tablet_text_alignment=&#8221;default&#8221; phone_text_alignment=&#8221;default&#8221; column_border_width=&#8221;none&#8221; column_border_style=&#8221;solid&#8221;]<div class=\"img-with-aniamtion-wrap \" data-max-width=\"100%\"><div class=\"inner\"><img data-shadow=\"none\" data-shadow-direction=\"middle\" class=\"img-with-animation \" data-delay=\"0\" height=\"683\" width=\"1024\" data-animation=\"fade-in\" src=\"https:\/\/humantouchtranslations.com\/wp-content\/uploads\/2017\/11\/humantouch-legal.jpg\" srcset=\"https:\/\/humantouchtranslations.com\/wp-content\/uploads\/2017\/11\/humantouch-legal.jpg 1024w, https:\/\/humantouchtranslations.com\/wp-content\/uploads\/2017\/11\/humantouch-legal-300x200.jpg 300w, https:\/\/humantouchtranslations.com\/wp-content\/uploads\/2017\/11\/humantouch-legal-768x512.jpg 768w\" sizes=\"100vw\" alt=\"\" \/><\/div><\/div>[\/vc_column][vc_column column_padding=&#8221;no-extra-padding&#8221; column_padding_position=&#8221;all&#8221; background_color_opacity=&#8221;1&#8243; background_hover_color_opacity=&#8221;1&#8243; column_shadow=&#8221;none&#8221; width=&#8221;1\/2&#8243; tablet_text_alignment=&#8221;default&#8221; phone_text_alignment=&#8221;default&#8221; column_border_width=&#8221;none&#8221; column_border_style=&#8221;solid&#8221;][vc_column_text] En Human Touch translations entendemos las complejidades que intervienen en cuestiones jur\u00eddicas. Una soluci\u00f3n de traducci\u00f3n legal precisa, oportuna y rentable es una parte crucial para mantener la tranquilidad de nuestros clientes.\r\n\r\nEl desarrollo de una asociaci\u00f3n a largo plazo con Human Touch Translations le dar\u00e1 las estrategias de gesti\u00f3n de idiomas extranjeros m\u00e1s eficientes e innovadoras para todas sus necesidades de traducci\u00f3n e interpretaci\u00f3n de documentos legales. Ya sea en materia de contratos, una declaraci\u00f3n testimonial, un alegato o pruebas documentales, adaptamos y aplicamos la combinaci\u00f3n correcta de experiencia, tecnolog\u00eda ling\u00fc\u00edstica, integraci\u00f3n de plataformas y <a href=\"https:\/\/humantouchtranslations.com\/es\/#QueHacemos\">servicios ling\u00fc\u00edsticos<\/a> basados en humanosa todo su contenido legal.\r\n\r\nNuestro equipo global de ling\u00fcistas y profesionales del derecho son expertos en una amplia gama de \u00e1reas de pr\u00e1ctica con un profundo conocimiento de la terminolog\u00eda jur\u00eddica espec\u00edfica de cada pa\u00eds. Ofrecemos soluciones personalizadas basadas en la envergadura y presupuesto de cada caso, utilizando tecnolog\u00eda l\u00edder en la industria para garantizar la precisi\u00f3n y tiempos de entrega m\u00e1s r\u00e1pidos a un costo asequible. Nuestros dedicados administradores de proyectos y traductores expertos, int\u00e9rpretes y transcripcionistas est\u00e1n disponibles 24\/7 para satisfacer todas sus necesidades de asistencia legal. [\/vc_column_text][\/vc_column][\/vc_row][vc_row type=&#8221;in_container&#8221; full_screen_row_position=&#8221;middle&#8221; scene_position=&#8221;center&#8221; text_color=&#8221;dark&#8221; text_align=&#8221;left&#8221; overlay_strength=&#8221;0.3&#8243;][vc_column column_padding=&#8221;no-extra-padding&#8221; column_padding_position=&#8221;all&#8221; background_color_opacity=&#8221;1&#8243; background_hover_color_opacity=&#8221;1&#8243; column_shadow=&#8221;none&#8221; width=&#8221;1\/1&#8243; tablet_text_alignment=&#8221;default&#8221; phone_text_alignment=&#8221;default&#8221; column_border_width=&#8221;none&#8221; column_border_style=&#8221;solid&#8221;][\/vc_column][\/vc_row]","protected":false},"excerpt":{"rendered":"[vc_row type=&#8221;in_container&#8221; full_screen_row_position=&#8221;middle&#8221; scene_position=&#8221;center&#8221; text_color=&#8221;dark&#8221; text_align=&#8221;left&#8221; top_padding=&#8221;40&#8243; overlay_strength=&#8221;0.3&#8243;][vc_column column_padding=&#8221;no-extra-padding&#8221; column_padding_position=&#8221;all&#8221; background_color_opacity=&#8221;1&#8243; background_hover_color_opacity=&#8221;1&#8243; column_shadow=&#8221;medium_depth&#8221; width=&#8221;1\/2&#8243; tablet_text_alignment=&#8221;default&#8221; phone_text_alignment=&#8221;default&#8221; column_border_width=&#8221;none&#8221; column_border_style=&#8221;solid&#8221;][\/vc_column][vc_column column_padding=&#8221;no-extra-padding&#8221; column_padding_position=&#8221;all&#8221; background_color_opacity=&#8221;1&#8243; background_hover_color_opacity=&#8221;1&#8243; column_shadow=&#8221;none&#8221; width=&#8221;1\/2&#8243; tablet_text_alignment=&#8221;default&#8221; phone_text_alignment=&#8221;default&#8221; column_border_width=&#8221;none&#8221; column_border_style=&#8221;solid&#8221;][vc_column_text] En Human&#8230;","protected":false},"author":16,"featured_media":0,"parent":0,"menu_order":22,"comment_status":"closed","ping_status":"closed","template":"","meta":[],"_links":{"self":[{"href":"https:\/\/humantouchtranslations.com\/es\/wp-json\/wp\/v2\/pages\/1975"}],"collection":[{"href":"https:\/\/humantouchtranslations.com\/es\/wp-json\/wp\/v2\/pages"}],"about":[{"href":"https:\/\/humantouchtranslations.com\/es\/wp-json\/wp\/v2\/types\/page"}],"author":[{"embeddable":true,"href":"https:\/\/humantouchtranslations.com\/es\/wp-json\/wp\/v2\/users\/16"}],"replies":[{"embeddable":true,"href":"https:\/\/humantouchtranslations.com\/es\/wp-json\/wp\/v2\/comments?post=1975"}],"version-history":[{"count":6,"href":"https:\/\/humantouchtranslations.com\/es\/wp-json\/wp\/v2\/pages\/1975\/revisions"}],"predecessor-version":[{"id":2498,"href":"https:\/\/humantouchtranslations.com\/es\/wp-json\/wp\/v2\/pages\/1975\/revisions\/2498"}],"wp:attachment":[{"href":"https:\/\/humantouchtranslations.com\/es\/wp-json\/wp\/v2\/media?parent=1975"}],"curies":[{"name":"wp","href":"https:\/\/api.w.org\/{rel}","templated":true}]}}