





{"id":1995,"date":"2019-08-29T13:27:02","date_gmt":"2019-08-29T17:27:02","guid":{"rendered":"https:\/\/humantouchtranslations.com\/marketing-y-publicidad\/"},"modified":"2019-12-11T13:54:24","modified_gmt":"2019-12-11T18:54:24","slug":"marketing-y-publicidad","status":"publish","type":"page","link":"https:\/\/humantouchtranslations.com\/es\/marketing-y-publicidad\/","title":{"rendered":"Marketing y publicidad"},"content":{"rendered":"[vc_row type=&#8221;in_container&#8221; full_screen_row_position=&#8221;middle&#8221; scene_position=&#8221;center&#8221; text_color=&#8221;dark&#8221; text_align=&#8221;left&#8221; top_padding=&#8221;40&#8243; overlay_strength=&#8221;0.3&#8243;][vc_column column_padding=&#8221;no-extra-padding&#8221; column_padding_position=&#8221;all&#8221; background_color_opacity=&#8221;1&#8243; background_hover_color_opacity=&#8221;1&#8243; column_shadow=&#8221;medium_depth&#8221; width=&#8221;1\/2&#8243; tablet_text_alignment=&#8221;default&#8221; phone_text_alignment=&#8221;default&#8221; column_border_width=&#8221;none&#8221; column_border_style=&#8221;solid&#8221;]<div class=\"img-with-aniamtion-wrap \" data-max-width=\"100%\"><div class=\"inner\"><img data-shadow=\"none\" data-shadow-direction=\"middle\" class=\"img-with-animation \" data-delay=\"0\" height=\"705\" width=\"1024\" data-animation=\"fade-in\" src=\"https:\/\/humantouchtranslations.com\/wp-content\/uploads\/2017\/12\/humantouch-marketing-advertising-01.jpg\" srcset=\"https:\/\/humantouchtranslations.com\/wp-content\/uploads\/2017\/12\/humantouch-marketing-advertising-01.jpg 1024w, https:\/\/humantouchtranslations.com\/wp-content\/uploads\/2017\/12\/humantouch-marketing-advertising-01-300x207.jpg 300w, https:\/\/humantouchtranslations.com\/wp-content\/uploads\/2017\/12\/humantouch-marketing-advertising-01-768x529.jpg 768w\" sizes=\"100vw\" alt=\"\" \/><\/div><\/div>[\/vc_column][vc_column column_padding=&#8221;no-extra-padding&#8221; column_padding_position=&#8221;all&#8221; background_color_opacity=&#8221;1&#8243; background_hover_color_opacity=&#8221;1&#8243; column_shadow=&#8221;none&#8221; width=&#8221;1\/2&#8243; tablet_text_alignment=&#8221;default&#8221; phone_text_alignment=&#8221;default&#8221; column_border_width=&#8221;none&#8221; column_border_style=&#8221;solid&#8221;][vc_column_text]\r\n\r\nEn Human Touch Translations entendemos la necesidad de una estrategia de <a href=\"https:\/\/humantouchtranslations.com\/es\/localization\/\">localizaci\u00f3n<\/a> y <a href=\"https:\/\/humantouchtranslations.com\/es\/traduccion-creativa\/\">transcreaci\u00f3n <\/a>altamente eficaz para todos sus materiales de marketing. Existen innumerables ejemplos de traducciones fallidas, donde una campa\u00f1a multimillonaria lleg\u00f3 a ser malinterpretada por otras culturas. Con nuestro experimentado equipo multicultural de transcreadores familiarizados con los matices del idioma de origen y el p\u00fablico meta, garantizamos que su mensaje no solo se traduzca, sino que se transmita de manera efectiva, manteniendo la intenci\u00f3n, el estilo y el tono originales.\r\n\r\nNuestro equipo de marketing y transcreaci\u00f3n de publicidad se especializa en sitios web, folletos, comunicados de prensa, encuestas y presentaciones para apoyar su campa\u00f1a de marketing global. Nuestro equipo incluye redactores y ling\u00fcistas del pa\u00eds familiarizados con la cultura local, la jerga y el lenguaje coloquial. Nuestro equipo de administradores de proyectos y ling\u00fcistas trabaja en estrecha colaboraci\u00f3n con organizaciones l\u00edderes para localizar materiales de marketing en m\u00e1s de 180 idiomas y dialectos para adaptar sus comunicaciones de la manera m\u00e1s creativa para ayudarlo a alcanzar sus objetivos para el mercado meta previsto. [\/vc_column_text][\/vc_column][\/vc_row][vc_row type=&#8221;in_container&#8221; full_screen_row_position=&#8221;middle&#8221; scene_position=&#8221;center&#8221; text_color=&#8221;dark&#8221; text_align=&#8221;left&#8221; overlay_strength=&#8221;0.3&#8243;][vc_column column_padding=&#8221;no-extra-padding&#8221; column_padding_position=&#8221;all&#8221; background_color_opacity=&#8221;1&#8243; background_hover_color_opacity=&#8221;1&#8243; column_shadow=&#8221;none&#8221; width=&#8221;1\/1&#8243; tablet_text_alignment=&#8221;default&#8221; phone_text_alignment=&#8221;default&#8221; column_border_width=&#8221;none&#8221; column_border_style=&#8221;solid&#8221;][\/vc_column][\/vc_row]","protected":false},"excerpt":{"rendered":"[vc_row type=&#8221;in_container&#8221; full_screen_row_position=&#8221;middle&#8221; scene_position=&#8221;center&#8221; text_color=&#8221;dark&#8221; text_align=&#8221;left&#8221; top_padding=&#8221;40&#8243; overlay_strength=&#8221;0.3&#8243;][vc_column column_padding=&#8221;no-extra-padding&#8221; column_padding_position=&#8221;all&#8221; background_color_opacity=&#8221;1&#8243; background_hover_color_opacity=&#8221;1&#8243; column_shadow=&#8221;medium_depth&#8221; width=&#8221;1\/2&#8243; tablet_text_alignment=&#8221;default&#8221; phone_text_alignment=&#8221;default&#8221; column_border_width=&#8221;none&#8221; column_border_style=&#8221;solid&#8221;][\/vc_column][vc_column column_padding=&#8221;no-extra-padding&#8221; column_padding_position=&#8221;all&#8221; background_color_opacity=&#8221;1&#8243; background_hover_color_opacity=&#8221;1&#8243; column_shadow=&#8221;none&#8221; width=&#8221;1\/2&#8243; tablet_text_alignment=&#8221;default&#8221; phone_text_alignment=&#8221;default&#8221; column_border_width=&#8221;none&#8221; column_border_style=&#8221;solid&#8221;][vc_column_text] En Human&#8230;","protected":false},"author":16,"featured_media":0,"parent":0,"menu_order":26,"comment_status":"closed","ping_status":"closed","template":"","meta":[],"_links":{"self":[{"href":"https:\/\/humantouchtranslations.com\/es\/wp-json\/wp\/v2\/pages\/1995"}],"collection":[{"href":"https:\/\/humantouchtranslations.com\/es\/wp-json\/wp\/v2\/pages"}],"about":[{"href":"https:\/\/humantouchtranslations.com\/es\/wp-json\/wp\/v2\/types\/page"}],"author":[{"embeddable":true,"href":"https:\/\/humantouchtranslations.com\/es\/wp-json\/wp\/v2\/users\/16"}],"replies":[{"embeddable":true,"href":"https:\/\/humantouchtranslations.com\/es\/wp-json\/wp\/v2\/comments?post=1995"}],"version-history":[{"count":9,"href":"https:\/\/humantouchtranslations.com\/es\/wp-json\/wp\/v2\/pages\/1995\/revisions"}],"predecessor-version":[{"id":2504,"href":"https:\/\/humantouchtranslations.com\/es\/wp-json\/wp\/v2\/pages\/1995\/revisions\/2504"}],"wp:attachment":[{"href":"https:\/\/humantouchtranslations.com\/es\/wp-json\/wp\/v2\/media?parent=1995"}],"curies":[{"name":"wp","href":"https:\/\/api.w.org\/{rel}","templated":true}]}}