





{"id":2028,"date":"2019-08-29T13:28:30","date_gmt":"2019-08-29T17:28:30","guid":{"rendered":"https:\/\/humantouchtranslations.com\/transcripcion\/"},"modified":"2019-11-22T16:07:08","modified_gmt":"2019-11-22T21:07:08","slug":"transcripcion","status":"publish","type":"page","link":"https:\/\/humantouchtranslations.com\/es\/transcripcion\/","title":{"rendered":"Transcripci\u00f3n"},"content":{"rendered":"[vc_row type=&#8221;in_container&#8221; full_screen_row_position=&#8221;middle&#8221; scene_position=&#8221;center&#8221; text_color=&#8221;dark&#8221; text_align=&#8221;left&#8221; top_padding=&#8221;40&#8243; class=&#8221;mrgB&#8221; overlay_strength=&#8221;0.3&#8243;][vc_column column_padding=&#8221;no-extra-padding&#8221; column_padding_position=&#8221;all&#8221; background_color_opacity=&#8221;1&#8243; background_hover_color_opacity=&#8221;1&#8243; column_shadow=&#8221;medium_depth&#8221; width=&#8221;1\/2&#8243; tablet_text_alignment=&#8221;default&#8221; phone_text_alignment=&#8221;default&#8221; column_border_width=&#8221;none&#8221; column_border_style=&#8221;solid&#8221;]<div class=\"img-with-aniamtion-wrap \" data-max-width=\"100%\"><div class=\"inner\"><img data-shadow=\"none\" data-shadow-direction=\"middle\" class=\"img-with-animation \" data-delay=\"0\" height=\"1280\" width=\"1920\" data-animation=\"fade-in\" src=\"https:\/\/humantouchtranslations.com\/wp-content\/uploads\/2017\/09\/transcription-1.jpg\" srcset=\"https:\/\/humantouchtranslations.com\/wp-content\/uploads\/2017\/09\/transcription-1.jpg 1920w, https:\/\/humantouchtranslations.com\/wp-content\/uploads\/2017\/09\/transcription-1-300x200.jpg 300w, https:\/\/humantouchtranslations.com\/wp-content\/uploads\/2017\/09\/transcription-1-768x512.jpg 768w, https:\/\/humantouchtranslations.com\/wp-content\/uploads\/2017\/09\/transcription-1-1024x683.jpg 1024w\" sizes=\"100vw\" alt=\"\" \/><\/div><\/div>[\/vc_column][vc_column column_padding=&#8221;no-extra-padding&#8221; column_padding_position=&#8221;all&#8221; background_color_opacity=&#8221;1&#8243; background_hover_color_opacity=&#8221;1&#8243; column_shadow=&#8221;none&#8221; width=&#8221;1\/2&#8243; tablet_text_alignment=&#8221;default&#8221; phone_text_alignment=&#8221;default&#8221; column_border_width=&#8221;none&#8221; column_border_style=&#8221;solid&#8221;][vc_column_text] En Human Touch Translations, contamos con un extensa red de expertos en transcripci\u00f3n en idiomas extranjeros que cubren en una amplia variedad de idiomas. Ya sea que necesite transcribir grupos focales de investigaci\u00f3n de mercado, contenido legal, informes m\u00e9dicos o cualquier otro contenido de audio o video, puede contar con Human Touch Translations como su socio profesional de transcripci\u00f3n de idiomas extranjeros.\r\n\r\nOfrecemos transcripciones precisas, r\u00e1pidas y asequibles, y una variedad de opciones, dependiendo de sus necesidades, a saber:\r\n<ul>\r\n \t<li>Transcripci\u00f3n monoling\u00fce, cuando la transcripci\u00f3n se realiza en el idioma de la grabaci\u00f3n de audio (por ejemplo, audio en espa\u00f1ol a texto en espa\u00f1ol)<\/li>\r\n \t<li>Transcripci\u00f3n de doble columna, cuando se necesita tanto la transcripci\u00f3n del idioma de origen como la traducci\u00f3n de la transcripci\u00f3n (por ejemplo, audio en espa\u00f1ol a texto en espa\u00f1ol, y traducci\u00f3n en paralelo al ingl\u00e9s del texto en espa\u00f1ol)<\/li>\r\n \t<li>Transcripci\u00f3n interpretativa, cuando s\u00f3lo se necesita entender el contenido de los medios digitales, el experto transcribe directamente desde el audio de origen al ingl\u00e9s (por ejemplo, audio en espa\u00f1ol a texto en ingl\u00e9s)<\/li>\r\n<\/ul>\r\n[\/vc_column_text][\/vc_column][\/vc_row][vc_row type=&#8221;in_container&#8221; full_screen_row_position=&#8221;middle&#8221; scene_position=&#8221;center&#8221; text_color=&#8221;dark&#8221; text_align=&#8221;left&#8221; overlay_strength=&#8221;0.3&#8243;][vc_column column_padding=&#8221;no-extra-padding&#8221; column_padding_position=&#8221;all&#8221; background_color_opacity=&#8221;1&#8243; background_hover_color_opacity=&#8221;1&#8243; column_shadow=&#8221;none&#8221; width=&#8221;1\/1&#8243; tablet_text_alignment=&#8221;default&#8221; phone_text_alignment=&#8221;default&#8221; column_border_width=&#8221;none&#8221; column_border_style=&#8221;solid&#8221;][vc_column_text][\/vc_column_text][\/vc_column][\/vc_row]","protected":false},"excerpt":{"rendered":"[vc_row type=&#8221;in_container&#8221; full_screen_row_position=&#8221;middle&#8221; scene_position=&#8221;center&#8221; text_color=&#8221;dark&#8221; text_align=&#8221;left&#8221; top_padding=&#8221;40&#8243; class=&#8221;mrgB&#8221; overlay_strength=&#8221;0.3&#8243;][vc_column column_padding=&#8221;no-extra-padding&#8221; column_padding_position=&#8221;all&#8221; background_color_opacity=&#8221;1&#8243; background_hover_color_opacity=&#8221;1&#8243; column_shadow=&#8221;medium_depth&#8221; width=&#8221;1\/2&#8243; tablet_text_alignment=&#8221;default&#8221; phone_text_alignment=&#8221;default&#8221; column_border_width=&#8221;none&#8221; column_border_style=&#8221;solid&#8221;][\/vc_column][vc_column column_padding=&#8221;no-extra-padding&#8221; column_padding_position=&#8221;all&#8221; background_color_opacity=&#8221;1&#8243; background_hover_color_opacity=&#8221;1&#8243; column_shadow=&#8221;none&#8221; width=&#8221;1\/2&#8243; tablet_text_alignment=&#8221;default&#8221; phone_text_alignment=&#8221;default&#8221; column_border_width=&#8221;none&#8221; column_border_style=&#8221;solid&#8221;][vc_column_text] En&#8230;","protected":false},"author":16,"featured_media":0,"parent":0,"menu_order":36,"comment_status":"closed","ping_status":"closed","template":"","meta":[],"_links":{"self":[{"href":"https:\/\/humantouchtranslations.com\/es\/wp-json\/wp\/v2\/pages\/2028"}],"collection":[{"href":"https:\/\/humantouchtranslations.com\/es\/wp-json\/wp\/v2\/pages"}],"about":[{"href":"https:\/\/humantouchtranslations.com\/es\/wp-json\/wp\/v2\/types\/page"}],"author":[{"embeddable":true,"href":"https:\/\/humantouchtranslations.com\/es\/wp-json\/wp\/v2\/users\/16"}],"replies":[{"embeddable":true,"href":"https:\/\/humantouchtranslations.com\/es\/wp-json\/wp\/v2\/comments?post=2028"}],"version-history":[{"count":5,"href":"https:\/\/humantouchtranslations.com\/es\/wp-json\/wp\/v2\/pages\/2028\/revisions"}],"predecessor-version":[{"id":2171,"href":"https:\/\/humantouchtranslations.com\/es\/wp-json\/wp\/v2\/pages\/2028\/revisions\/2171"}],"wp:attachment":[{"href":"https:\/\/humantouchtranslations.com\/es\/wp-json\/wp\/v2\/media?parent=2028"}],"curies":[{"name":"wp","href":"https:\/\/api.w.org\/{rel}","templated":true}]}}