





{"id":2029,"date":"2019-08-29T13:28:43","date_gmt":"2019-08-29T17:28:43","guid":{"rendered":"https:\/\/humantouchtranslations.com\/interpretacion-en-lenguaje-de-senas\/"},"modified":"2019-11-22T16:06:22","modified_gmt":"2019-11-22T21:06:22","slug":"interpretacion-en-lenguaje-de-senas","status":"publish","type":"page","link":"https:\/\/humantouchtranslations.com\/es\/interpretacion-en-lenguaje-de-senas\/","title":{"rendered":"Interpretaci\u00f3n en lenguaje de se\u00f1as"},"content":{"rendered":"[vc_row type=&#8221;in_container&#8221; full_screen_row_position=&#8221;middle&#8221; scene_position=&#8221;center&#8221; text_color=&#8221;dark&#8221; text_align=&#8221;left&#8221; top_padding=&#8221;40&#8243; class=&#8221;mrgB&#8221; overlay_strength=&#8221;0.3&#8243;][vc_column column_padding=&#8221;no-extra-padding&#8221; column_padding_position=&#8221;all&#8221; background_color_opacity=&#8221;1&#8243; background_hover_color_opacity=&#8221;1&#8243; column_shadow=&#8221;medium_depth&#8221; width=&#8221;1\/2&#8243; tablet_text_alignment=&#8221;default&#8221; phone_text_alignment=&#8221;default&#8221; column_border_width=&#8221;none&#8221; column_border_style=&#8221;solid&#8221;]<div class=\"img-with-aniamtion-wrap \" data-max-width=\"100%\"><div class=\"inner\"><img data-shadow=\"none\" data-shadow-direction=\"middle\" class=\"img-with-animation \" data-delay=\"0\" height=\"1272\" width=\"1920\" data-animation=\"fade-in\" src=\"https:\/\/humantouchtranslations.com\/wp-content\/uploads\/2017\/08\/sign-language.jpg\" srcset=\"https:\/\/humantouchtranslations.com\/wp-content\/uploads\/2017\/08\/sign-language.jpg 1920w, https:\/\/humantouchtranslations.com\/wp-content\/uploads\/2017\/08\/sign-language-300x199.jpg 300w, https:\/\/humantouchtranslations.com\/wp-content\/uploads\/2017\/08\/sign-language-768x509.jpg 768w, https:\/\/humantouchtranslations.com\/wp-content\/uploads\/2017\/08\/sign-language-1024x678.jpg 1024w\" sizes=\"100vw\" alt=\"\" \/><\/div><\/div>[\/vc_column][vc_column column_padding=&#8221;no-extra-padding&#8221; column_padding_position=&#8221;all&#8221; background_color_opacity=&#8221;1&#8243; background_hover_color_opacity=&#8221;1&#8243; column_shadow=&#8221;none&#8221; width=&#8221;1\/2&#8243; tablet_text_alignment=&#8221;default&#8221; phone_text_alignment=&#8221;default&#8221; column_border_width=&#8221;none&#8221; column_border_style=&#8221;solid&#8221;][vc_column_text]\r\n\r\nHuman Touch Translations cierra la brecha entre las personas con hipoacusia en una amplia variedad de entornos mediante int\u00e9rpretes de lenguaje de se\u00f1as, por ejemplo, int\u00e9rpretes de lenguaje de se\u00f1as estadounidense (American Sign Language, ASL). Verificamos cuidadosamente las necesidades espec\u00edficas de cada cliente y asignamos int\u00e9rpretes calificados y experimentados.\r\n\r\nAdem\u00e1s de contar con un excelente dominio del lenguaje de se\u00f1as, los int\u00e9rpretes certificados que trabajan con Human Touch Translations mantienen un estricto c\u00f3digo de \u00e9tica que protege la privacidad y la confidencialidad, han aprobado una certificaci\u00f3n nacional en Estados Unidos seg\u00fan el <a href=\"https:\/\/www.rid.org\">Registro de Int\u00e9rpretes para Hipoac\u00fasicos<\/a> (Registry of Interpreters for the Deaf, RID) y el <a href=\"https:\/\/www.nad.org\/\">Asociaci\u00f3n Nacional para Hipoac\u00fasicos<\/a> (National Association of the Deaf, NAD). Al interpretar en entornos educativos de K-12 y superiores, los int\u00e9rpretes de ASL tambi\u00e9n es necesario que cuenten un certificado de evaluaci\u00f3n del rendimiento para int\u00e9rpretes en entornos educativos (Educational Interpreter Performanza Assessment, EIPA).\r\n\r\n[\/vc_column_text][\/vc_column][\/vc_row][vc_row type=&#8221;in_container&#8221; full_screen_row_position=&#8221;middle&#8221; scene_position=&#8221;center&#8221; text_color=&#8221;dark&#8221; text_align=&#8221;left&#8221; overlay_strength=&#8221;0.3&#8243;][vc_column column_padding=&#8221;no-extra-padding&#8221; column_padding_position=&#8221;all&#8221; background_color_opacity=&#8221;1&#8243; background_hover_color_opacity=&#8221;1&#8243; column_shadow=&#8221;none&#8221; width=&#8221;1\/1&#8243; tablet_text_alignment=&#8221;default&#8221; phone_text_alignment=&#8221;default&#8221; column_border_width=&#8221;none&#8221; column_border_style=&#8221;solid&#8221;][vc_column_text][\/vc_column_text][\/vc_column][\/vc_row]","protected":false},"excerpt":{"rendered":"[vc_row type=&#8221;in_container&#8221; full_screen_row_position=&#8221;middle&#8221; scene_position=&#8221;center&#8221; text_color=&#8221;dark&#8221; text_align=&#8221;left&#8221; top_padding=&#8221;40&#8243; class=&#8221;mrgB&#8221; overlay_strength=&#8221;0.3&#8243;][vc_column column_padding=&#8221;no-extra-padding&#8221; column_padding_position=&#8221;all&#8221; background_color_opacity=&#8221;1&#8243; background_hover_color_opacity=&#8221;1&#8243; column_shadow=&#8221;medium_depth&#8221; width=&#8221;1\/2&#8243; tablet_text_alignment=&#8221;default&#8221; phone_text_alignment=&#8221;default&#8221; column_border_width=&#8221;none&#8221; column_border_style=&#8221;solid&#8221;][\/vc_column][vc_column column_padding=&#8221;no-extra-padding&#8221; column_padding_position=&#8221;all&#8221; background_color_opacity=&#8221;1&#8243; background_hover_color_opacity=&#8221;1&#8243; column_shadow=&#8221;none&#8221; width=&#8221;1\/2&#8243; tablet_text_alignment=&#8221;default&#8221; phone_text_alignment=&#8221;default&#8221; column_border_width=&#8221;none&#8221; column_border_style=&#8221;solid&#8221;][vc_column_text] Human&#8230;","protected":false},"author":16,"featured_media":0,"parent":0,"menu_order":35,"comment_status":"closed","ping_status":"closed","template":"","meta":[],"_links":{"self":[{"href":"https:\/\/humantouchtranslations.com\/es\/wp-json\/wp\/v2\/pages\/2029"}],"collection":[{"href":"https:\/\/humantouchtranslations.com\/es\/wp-json\/wp\/v2\/pages"}],"about":[{"href":"https:\/\/humantouchtranslations.com\/es\/wp-json\/wp\/v2\/types\/page"}],"author":[{"embeddable":true,"href":"https:\/\/humantouchtranslations.com\/es\/wp-json\/wp\/v2\/users\/16"}],"replies":[{"embeddable":true,"href":"https:\/\/humantouchtranslations.com\/es\/wp-json\/wp\/v2\/comments?post=2029"}],"version-history":[{"count":3,"href":"https:\/\/humantouchtranslations.com\/es\/wp-json\/wp\/v2\/pages\/2029\/revisions"}],"predecessor-version":[{"id":2170,"href":"https:\/\/humantouchtranslations.com\/es\/wp-json\/wp\/v2\/pages\/2029\/revisions\/2170"}],"wp:attachment":[{"href":"https:\/\/humantouchtranslations.com\/es\/wp-json\/wp\/v2\/media?parent=2029"}],"curies":[{"name":"wp","href":"https:\/\/api.w.org\/{rel}","templated":true}]}}