





{"id":2031,"date":"2019-08-29T13:29:06","date_gmt":"2019-08-29T17:29:06","guid":{"rendered":"https:\/\/humantouchtranslations.com\/interpretacion-telefonica-y-por-video\/"},"modified":"2019-09-26T21:22:01","modified_gmt":"2019-09-27T01:22:01","slug":"interpretacion-telefonica-y-por-video","status":"publish","type":"page","link":"https:\/\/humantouchtranslations.com\/es\/interpretacion-telefonica-y-por-video\/","title":{"rendered":"Interpretaci\u00f3n telef\u00f3nica y remota por video"},"content":{"rendered":"[vc_row type=&#8221;in_container&#8221; full_screen_row_position=&#8221;middle&#8221; scene_position=&#8221;center&#8221; text_color=&#8221;dark&#8221; text_align=&#8221;left&#8221; top_padding=&#8221;40&#8243; class=&#8221;mrgB&#8221; overlay_strength=&#8221;0.3&#8243;][vc_column column_padding=&#8221;no-extra-padding&#8221; column_padding_position=&#8221;all&#8221; background_color_opacity=&#8221;1&#8243; background_hover_color_opacity=&#8221;1&#8243; column_shadow=&#8221;medium_depth&#8221; width=&#8221;1\/2&#8243; tablet_text_alignment=&#8221;default&#8221; phone_text_alignment=&#8221;default&#8221; column_border_width=&#8221;none&#8221; column_border_style=&#8221;solid&#8221;]<div class=\"img-with-aniamtion-wrap \" data-max-width=\"100%\"><div class=\"inner\"><img data-shadow=\"none\" data-shadow-direction=\"middle\" class=\"img-with-animation \" data-delay=\"0\" height=\"800\" width=\"1200\" data-animation=\"fade-in\" src=\"https:\/\/humantouchtranslations.com\/wp-content\/uploads\/2018\/09\/phone-video-interpreting.jpg\" srcset=\"https:\/\/humantouchtranslations.com\/wp-content\/uploads\/2018\/09\/phone-video-interpreting.jpg 1200w, https:\/\/humantouchtranslations.com\/wp-content\/uploads\/2018\/09\/phone-video-interpreting-300x200.jpg 300w, https:\/\/humantouchtranslations.com\/wp-content\/uploads\/2018\/09\/phone-video-interpreting-768x512.jpg 768w, https:\/\/humantouchtranslations.com\/wp-content\/uploads\/2018\/09\/phone-video-interpreting-1024x683.jpg 1024w\" sizes=\"100vw\" alt=\"\" \/><\/div><\/div>[\/vc_column][vc_column column_padding=&#8221;no-extra-padding&#8221; column_padding_position=&#8221;all&#8221; background_color_opacity=&#8221;1&#8243; background_hover_color_opacity=&#8221;1&#8243; column_shadow=&#8221;none&#8221; width=&#8221;1\/2&#8243; tablet_text_alignment=&#8221;default&#8221; phone_text_alignment=&#8221;default&#8221; column_border_width=&#8221;none&#8221; column_border_style=&#8221;solid&#8221;][vc_column_text]Mediante una alternativa eficiente a la interpretaci\u00f3n en persona, Human Touch Translations rompe la barrera ling\u00fc\u00edstica al ofrecer interpretaci\u00f3n telef\u00f3nica (Over the Phone Interpreting, OPI) y videointerpretaci\u00f3n remota (Video Remote Interpreting, VRI) a centros de salud, distritos escolares e instituciones acad\u00e9micas, bufetes de abogados y tribunales, instituciones financieras, empresas y organismos gubernamentales. Nuestros clientes, sin importar el tama\u00f1o de la organizaci\u00f3n, se benefician enormemente al conectarse con int\u00e9rpretes capacitados profesionalmente en m\u00e1s de 150 idiomas de forma r\u00e1pida y rentable. [\/vc_column_text][\/vc_column][\/vc_row][vc_row type=&#8221;in_container&#8221; full_screen_row_position=&#8221;middle&#8221; scene_position=&#8221;center&#8221; text_color=&#8221;dark&#8221; text_align=&#8221;left&#8221; overlay_strength=&#8221;0.3&#8243;][vc_column column_padding=&#8221;no-extra-padding&#8221; column_padding_position=&#8221;all&#8221; background_color_opacity=&#8221;1&#8243; background_hover_color_opacity=&#8221;1&#8243; column_shadow=&#8221;none&#8221; width=&#8221;1\/1&#8243; tablet_text_alignment=&#8221;default&#8221; phone_text_alignment=&#8221;default&#8221; column_border_width=&#8221;none&#8221; column_border_style=&#8221;solid&#8221;][vc_column_text][\/vc_column_text][\/vc_column][\/vc_row]","protected":false},"excerpt":{"rendered":"[vc_row type=&#8221;in_container&#8221; full_screen_row_position=&#8221;middle&#8221; scene_position=&#8221;center&#8221; text_color=&#8221;dark&#8221; text_align=&#8221;left&#8221; top_padding=&#8221;40&#8243; class=&#8221;mrgB&#8221; overlay_strength=&#8221;0.3&#8243;][vc_column column_padding=&#8221;no-extra-padding&#8221; column_padding_position=&#8221;all&#8221; background_color_opacity=&#8221;1&#8243; background_hover_color_opacity=&#8221;1&#8243; column_shadow=&#8221;medium_depth&#8221; width=&#8221;1\/2&#8243; tablet_text_alignment=&#8221;default&#8221; phone_text_alignment=&#8221;default&#8221; column_border_width=&#8221;none&#8221; column_border_style=&#8221;solid&#8221;][\/vc_column][vc_column column_padding=&#8221;no-extra-padding&#8221; column_padding_position=&#8221;all&#8221; background_color_opacity=&#8221;1&#8243; background_hover_color_opacity=&#8221;1&#8243; column_shadow=&#8221;none&#8221; width=&#8221;1\/2&#8243; tablet_text_alignment=&#8221;default&#8221; phone_text_alignment=&#8221;default&#8221; column_border_width=&#8221;none&#8221; column_border_style=&#8221;solid&#8221;][vc_column_text]Mediante una&#8230;","protected":false},"author":16,"featured_media":0,"parent":0,"menu_order":39,"comment_status":"closed","ping_status":"closed","template":"","meta":[],"_links":{"self":[{"href":"https:\/\/humantouchtranslations.com\/es\/wp-json\/wp\/v2\/pages\/2031"}],"collection":[{"href":"https:\/\/humantouchtranslations.com\/es\/wp-json\/wp\/v2\/pages"}],"about":[{"href":"https:\/\/humantouchtranslations.com\/es\/wp-json\/wp\/v2\/types\/page"}],"author":[{"embeddable":true,"href":"https:\/\/humantouchtranslations.com\/es\/wp-json\/wp\/v2\/users\/16"}],"replies":[{"embeddable":true,"href":"https:\/\/humantouchtranslations.com\/es\/wp-json\/wp\/v2\/comments?post=2031"}],"version-history":[{"count":4,"href":"https:\/\/humantouchtranslations.com\/es\/wp-json\/wp\/v2\/pages\/2031\/revisions"}],"predecessor-version":[{"id":2168,"href":"https:\/\/humantouchtranslations.com\/es\/wp-json\/wp\/v2\/pages\/2031\/revisions\/2168"}],"wp:attachment":[{"href":"https:\/\/humantouchtranslations.com\/es\/wp-json\/wp\/v2\/media?parent=2031"}],"curies":[{"name":"wp","href":"https:\/\/api.w.org\/{rel}","templated":true}]}}