





{"id":2034,"date":"2019-08-29T13:29:19","date_gmt":"2019-08-29T17:29:19","guid":{"rendered":"https:\/\/humantouchtranslations.com\/traduccion-creativa\/"},"modified":"2019-11-22T16:11:23","modified_gmt":"2019-11-22T21:11:23","slug":"traduccion-creativa","status":"publish","type":"page","link":"https:\/\/humantouchtranslations.com\/es\/traduccion-creativa\/","title":{"rendered":"Traducci\u00f3n creativa"},"content":{"rendered":"[vc_row type=&#8221;in_container&#8221; full_screen_row_position=&#8221;middle&#8221; scene_position=&#8221;center&#8221; text_color=&#8221;dark&#8221; text_align=&#8221;left&#8221; top_padding=&#8221;40&#8243; class=&#8221;mrgB&#8221; overlay_strength=&#8221;0.3&#8243;][vc_column column_padding=&#8221;no-extra-padding&#8221; column_padding_position=&#8221;all&#8221; background_color_opacity=&#8221;1&#8243; background_hover_color_opacity=&#8221;1&#8243; column_shadow=&#8221;medium_depth&#8221; width=&#8221;1\/2&#8243; tablet_text_alignment=&#8221;default&#8221; phone_text_alignment=&#8221;default&#8221; column_border_width=&#8221;none&#8221; column_border_style=&#8221;solid&#8221;]<div class=\"img-with-aniamtion-wrap \" data-max-width=\"100%\"><div class=\"inner\"><img data-shadow=\"none\" data-shadow-direction=\"middle\" class=\"img-with-animation \" data-delay=\"0\" height=\"800\" width=\"1200\" data-animation=\"fade-in\" src=\"https:\/\/humantouchtranslations.com\/wp-content\/uploads\/2018\/03\/transcreation.jpg\" srcset=\"https:\/\/humantouchtranslations.com\/wp-content\/uploads\/2018\/03\/transcreation.jpg 1200w, https:\/\/humantouchtranslations.com\/wp-content\/uploads\/2018\/03\/transcreation-300x200.jpg 300w, https:\/\/humantouchtranslations.com\/wp-content\/uploads\/2018\/03\/transcreation-768x512.jpg 768w, https:\/\/humantouchtranslations.com\/wp-content\/uploads\/2018\/03\/transcreation-1024x683.jpg 1024w\" sizes=\"100vw\" alt=\"\" \/><\/div><\/div>[\/vc_column][vc_column column_padding=&#8221;no-extra-padding&#8221; column_padding_position=&#8221;all&#8221; background_color_opacity=&#8221;1&#8243; background_hover_color_opacity=&#8221;1&#8243; column_shadow=&#8221;none&#8221; width=&#8221;1\/2&#8243; tablet_text_alignment=&#8221;default&#8221; phone_text_alignment=&#8221;default&#8221; column_border_width=&#8221;none&#8221; column_border_style=&#8221;solid&#8221;][vc_column_text] Un equipo de consultores culturales y transcreadores experimentados combinan la redacci\u00f3n con un profundo conocimiento de la ling\u00fc\u00edstica, la experiencia en marketing y de los matices culturales y las costumbres locales, garantizando que su mensaje se transforme de manera imperceptible y eficaz en su equivalente cultural y adaptado a su p\u00fablico local, manteniendo al mismo tiempo el tono, el estilo y la intenci\u00f3n originales.\r\n\r\nNuestro equipo de expertos tiene una profunda conciencia cultural de la audiencia a la que va dirigido su mensaje de marketing y publicidad, lo cual es fundamental para trascender los l\u00edmites culturales y ling\u00fc\u00edsticos, y garantizar que su mensaje se adapte de una manera que resuene y sea culturalmente significativo para su clientes. [\/vc_column_text] [\/vc_column] [\/vc_row]","protected":false},"excerpt":{"rendered":"[vc_row type=&#8221;in_container&#8221; full_screen_row_position=&#8221;middle&#8221; scene_position=&#8221;center&#8221; text_color=&#8221;dark&#8221; text_align=&#8221;left&#8221; top_padding=&#8221;40&#8243; class=&#8221;mrgB&#8221; overlay_strength=&#8221;0.3&#8243;][vc_column column_padding=&#8221;no-extra-padding&#8221; column_padding_position=&#8221;all&#8221; background_color_opacity=&#8221;1&#8243; background_hover_color_opacity=&#8221;1&#8243; column_shadow=&#8221;medium_depth&#8221; width=&#8221;1\/2&#8243; tablet_text_alignment=&#8221;default&#8221; phone_text_alignment=&#8221;default&#8221; column_border_width=&#8221;none&#8221; column_border_style=&#8221;solid&#8221;][\/vc_column][vc_column column_padding=&#8221;no-extra-padding&#8221; column_padding_position=&#8221;all&#8221; background_color_opacity=&#8221;1&#8243; background_hover_color_opacity=&#8221;1&#8243; column_shadow=&#8221;none&#8221; width=&#8221;1\/2&#8243; tablet_text_alignment=&#8221;default&#8221; phone_text_alignment=&#8221;default&#8221; column_border_width=&#8221;none&#8221; column_border_style=&#8221;solid&#8221;][vc_column_text] Un&#8230;","protected":false},"author":16,"featured_media":0,"parent":0,"menu_order":43,"comment_status":"closed","ping_status":"closed","template":"","meta":[],"_links":{"self":[{"href":"https:\/\/humantouchtranslations.com\/es\/wp-json\/wp\/v2\/pages\/2034"}],"collection":[{"href":"https:\/\/humantouchtranslations.com\/es\/wp-json\/wp\/v2\/pages"}],"about":[{"href":"https:\/\/humantouchtranslations.com\/es\/wp-json\/wp\/v2\/types\/page"}],"author":[{"embeddable":true,"href":"https:\/\/humantouchtranslations.com\/es\/wp-json\/wp\/v2\/users\/16"}],"replies":[{"embeddable":true,"href":"https:\/\/humantouchtranslations.com\/es\/wp-json\/wp\/v2\/comments?post=2034"}],"version-history":[{"count":4,"href":"https:\/\/humantouchtranslations.com\/es\/wp-json\/wp\/v2\/pages\/2034\/revisions"}],"predecessor-version":[{"id":2167,"href":"https:\/\/humantouchtranslations.com\/es\/wp-json\/wp\/v2\/pages\/2034\/revisions\/2167"}],"wp:attachment":[{"href":"https:\/\/humantouchtranslations.com\/es\/wp-json\/wp\/v2\/media?parent=2034"}],"curies":[{"name":"wp","href":"https:\/\/api.w.org\/{rel}","templated":true}]}}