





{"id":2035,"date":"2019-08-29T13:29:29","date_gmt":"2019-08-29T17:29:29","guid":{"rendered":"https:\/\/humantouchtranslations.com\/traduccion\/"},"modified":"2019-11-22T16:12:18","modified_gmt":"2019-11-22T21:12:18","slug":"traduccion","status":"publish","type":"page","link":"https:\/\/humantouchtranslations.com\/es\/traduccion\/","title":{"rendered":"Traducci\u00f3n"},"content":{"rendered":"[vc_row type=&#8221;in_container&#8221; full_screen_row_position=&#8221;middle&#8221; scene_position=&#8221;center&#8221; text_color=&#8221;dark&#8221; text_align=&#8221;left&#8221; top_padding=&#8221;40&#8243; class=&#8221;mrgB&#8221; overlay_strength=&#8221;0.3&#8243;][vc_column column_padding=&#8221;no-extra-padding&#8221; column_padding_position=&#8221;all&#8221; background_color_opacity=&#8221;1&#8243; background_hover_color_opacity=&#8221;1&#8243; column_shadow=&#8221;medium_depth&#8221; width=&#8221;1\/2&#8243; tablet_text_alignment=&#8221;default&#8221; phone_text_alignment=&#8221;default&#8221; column_border_width=&#8221;none&#8221; column_border_style=&#8221;solid&#8221;]<div class=\"img-with-aniamtion-wrap \" data-max-width=\"100%\"><div class=\"inner\"><img data-shadow=\"none\" data-shadow-direction=\"middle\" class=\"img-with-animation \" data-delay=\"0\" height=\"1280\" width=\"1920\" data-animation=\"fade-in\" src=\"https:\/\/humantouchtranslations.com\/wp-content\/uploads\/2017\/09\/translate-1.jpg\" srcset=\"https:\/\/humantouchtranslations.com\/wp-content\/uploads\/2017\/09\/translate-1.jpg 1920w, https:\/\/humantouchtranslations.com\/wp-content\/uploads\/2017\/09\/translate-1-300x200.jpg 300w, https:\/\/humantouchtranslations.com\/wp-content\/uploads\/2017\/09\/translate-1-768x512.jpg 768w, https:\/\/humantouchtranslations.com\/wp-content\/uploads\/2017\/09\/translate-1-1024x683.jpg 1024w\" sizes=\"100vw\" alt=\"\" \/><\/div><\/div>[\/vc_column][vc_column column_padding=&#8221;no-extra-padding&#8221; column_padding_position=&#8221;all&#8221; background_color_opacity=&#8221;1&#8243; background_hover_color_opacity=&#8221;1&#8243; column_shadow=&#8221;none&#8221; width=&#8221;1\/2&#8243; tablet_text_alignment=&#8221;default&#8221; phone_text_alignment=&#8221;default&#8221; column_border_width=&#8221;none&#8221; column_border_style=&#8221;solid&#8221;][vc_column_text]\r\n<h2>Traducci\u00f3n de documentos<\/h2>\r\nInternet ha dado lugar a una proliferaci\u00f3n de comunicaciones que se generan cada d\u00eda en todos los rincones del mundo en m\u00e1s de 6.700 idiomas en todo el mundo.\r\nPara mantenerse al d\u00eda y preservar la verdadera conexi\u00f3n humana, Human Touch Translations ofrece una amplia gama de servicios de traducci\u00f3n en m\u00e1s de 180 combinaciones de idiomas. Estamos comprometidos a mantener el tono y el estilo de cada documento fuente, asegurando que el significado se transmita con precisi\u00f3n e implementando las mejores pr\u00e1cticas.\r\nTodo texto tiene varias dimensiones, como la sintaxis, la sem\u00e1ntica y la pragm\u00e1tica, y los matices a trav\u00e9s del uso del lenguaje metaf\u00f3rico . Nuestros ling\u00fcistas expertos tienen meticulosamente en cuenta todos estos aspectos, lo que resulta en documentos traducidos de forma coherente y precisa en cualquier tema, dentro de los plazos y del presupuesto.\r\n[\/vc_column_text][\/vc_column][\/vc_row][vc_row type=&#8221;in_container&#8221; full_screen_row_position=&#8221;middle&#8221; scene_position=&#8221;center&#8221; text_color=&#8221;dark&#8221; text_align=&#8221;left&#8221; overlay_strength=&#8221;0.3&#8243;][vc_column column_padding=&#8221;no-extra-padding&#8221; column_padding_position=&#8221;all&#8221; background_color_opacity=&#8221;1&#8243; background_hover_color_opacity=&#8221;1&#8243; column_shadow=&#8221;none&#8221; width=&#8221;1\/1&#8243; tablet_text_alignment=&#8221;default&#8221; phone_text_alignment=&#8221;default&#8221; column_border_width=&#8221;none&#8221; column_border_style=&#8221;solid&#8221;][vc_column_text]","protected":false},"excerpt":{"rendered":"[vc_row type=&#8221;in_container&#8221; full_screen_row_position=&#8221;middle&#8221; scene_position=&#8221;center&#8221; text_color=&#8221;dark&#8221; text_align=&#8221;left&#8221; top_padding=&#8221;40&#8243; class=&#8221;mrgB&#8221; overlay_strength=&#8221;0.3&#8243;][vc_column column_padding=&#8221;no-extra-padding&#8221; column_padding_position=&#8221;all&#8221; background_color_opacity=&#8221;1&#8243; background_hover_color_opacity=&#8221;1&#8243; column_shadow=&#8221;medium_depth&#8221; width=&#8221;1\/2&#8243; tablet_text_alignment=&#8221;default&#8221; phone_text_alignment=&#8221;default&#8221; column_border_width=&#8221;none&#8221; column_border_style=&#8221;solid&#8221;][\/vc_column][vc_column column_padding=&#8221;no-extra-padding&#8221; column_padding_position=&#8221;all&#8221; background_color_opacity=&#8221;1&#8243; background_hover_color_opacity=&#8221;1&#8243; column_shadow=&#8221;none&#8221; width=&#8221;1\/2&#8243; tablet_text_alignment=&#8221;default&#8221; phone_text_alignment=&#8221;default&#8221; column_border_width=&#8221;none&#8221; column_border_style=&#8221;solid&#8221;][vc_column_text] Traducci\u00f3n&#8230;","protected":false},"author":15,"featured_media":0,"parent":0,"menu_order":44,"comment_status":"closed","ping_status":"closed","template":"","meta":[],"_links":{"self":[{"href":"https:\/\/humantouchtranslations.com\/es\/wp-json\/wp\/v2\/pages\/2035"}],"collection":[{"href":"https:\/\/humantouchtranslations.com\/es\/wp-json\/wp\/v2\/pages"}],"about":[{"href":"https:\/\/humantouchtranslations.com\/es\/wp-json\/wp\/v2\/types\/page"}],"author":[{"embeddable":true,"href":"https:\/\/humantouchtranslations.com\/es\/wp-json\/wp\/v2\/users\/15"}],"replies":[{"embeddable":true,"href":"https:\/\/humantouchtranslations.com\/es\/wp-json\/wp\/v2\/comments?post=2035"}],"version-history":[{"count":6,"href":"https:\/\/humantouchtranslations.com\/es\/wp-json\/wp\/v2\/pages\/2035\/revisions"}],"predecessor-version":[{"id":2166,"href":"https:\/\/humantouchtranslations.com\/es\/wp-json\/wp\/v2\/pages\/2035\/revisions\/2166"}],"wp:attachment":[{"href":"https:\/\/humantouchtranslations.com\/es\/wp-json\/wp\/v2\/media?parent=2035"}],"curies":[{"name":"wp","href":"https:\/\/api.w.org\/{rel}","templated":true}]}}