





{"id":2202,"date":"2019-09-12T17:24:53","date_gmt":"2019-09-12T21:24:53","guid":{"rendered":"https:\/\/humantouchtranslations.com\/turismo-y-hoteleria\/"},"modified":"2019-11-22T16:13:18","modified_gmt":"2019-11-22T21:13:18","slug":"turismo-y-hoteleria","status":"publish","type":"page","link":"https:\/\/humantouchtranslations.com\/es\/turismo-y-hoteleria\/","title":{"rendered":"Turismo y hoteler\u00eda"},"content":{"rendered":"[vc_row type=&#8221;in_container&#8221; full_screen_row_position=&#8221;middle&#8221; scene_position=&#8221;center&#8221; text_color=&#8221;dark&#8221; text_align=&#8221;left&#8221; top_padding=&#8221;40&#8243; overlay_strength=&#8221;0.3&#8243;][vc_column column_padding=&#8221;no-extra-padding&#8221; column_padding_position=&#8221;all&#8221; background_color_opacity=&#8221;1&#8243; background_hover_color_opacity=&#8221;1&#8243; column_shadow=&#8221;medium_depth&#8221; width=&#8221;1\/2&#8243; tablet_text_alignment=&#8221;default&#8221; phone_text_alignment=&#8221;default&#8221; column_border_width=&#8221;none&#8221; column_border_style=&#8221;solid&#8221;]<div class=\"img-with-aniamtion-wrap \" data-max-width=\"100%\"><div class=\"inner\"><img data-shadow=\"none\" data-shadow-direction=\"middle\" class=\"img-with-animation \" data-delay=\"0\" height=\"683\" width=\"1024\" data-animation=\"fade-in\" src=\"https:\/\/humantouchtranslations.com\/wp-content\/uploads\/2017\/11\/humanTouch-img-Tourism-and-Hospitality.jpg\" srcset=\"https:\/\/humantouchtranslations.com\/wp-content\/uploads\/2017\/11\/humanTouch-img-Tourism-and-Hospitality.jpg 1024w, https:\/\/humantouchtranslations.com\/wp-content\/uploads\/2017\/11\/humanTouch-img-Tourism-and-Hospitality-300x200.jpg 300w, https:\/\/humantouchtranslations.com\/wp-content\/uploads\/2017\/11\/humanTouch-img-Tourism-and-Hospitality-768x512.jpg 768w\" sizes=\"100vw\" alt=\"Tourism and Hospitality\" \/><\/div><\/div>[\/vc_column][vc_column column_padding=&#8221;no-extra-padding&#8221; column_padding_position=&#8221;all&#8221; background_color_opacity=&#8221;1&#8243; background_hover_color_opacity=&#8221;1&#8243; column_shadow=&#8221;none&#8221; width=&#8221;1\/2&#8243; tablet_text_alignment=&#8221;default&#8221; phone_text_alignment=&#8221;default&#8221; column_border_width=&#8221;none&#8221; column_border_style=&#8221;solid&#8221;][vc_column_text]En Human Touch Translations, nuestro objetivo es ayudar a facilitar todas las comunicaciones en un mundo diverso y m\u00f3vil al abrir el acceso a todo su contenido en todos los idiomas. Nuestros <a href=\"http:\/\/tonus.co\/clientes\/humantouch\/#WhatWeDo\">servicios ling\u00fc\u00edsticos<\/a> de nivel mundial aseguran que su mensaje no pierda relevancia entre las culturas al mantener los matices locales que podr\u00edan marcar una inmensa diferencia entre diversos dialectos del mismo idioma.\r\n\r\nNuestro dedicado equipo de traductores e int\u00e9rpretes profesionales garantizan que su contenido escrito se traduzca de manera precisa, y que su mensaje oral se transmita de manera adecuada y con relevancia cultural para su p\u00fablico mundial, en cualquier idioma.\r\n\r\nHuman Touch Translations cuenta con profesionales de enlace ling\u00fc\u00edsticos para recorridos tur\u00edsticos, visitas, reuniones, entrevistas, cenas, viajes de trabajo, ferias internacionales, dispuestos a acompa\u00f1ar a sus clientes y contribuir con la comunicaci\u00f3n en todas las situaciones para que la estancia sea una experiencia cinco estrellas.[\/vc_column_text][\/vc_column][\/vc_row][vc_row type=&#8221;in_container&#8221; full_screen_row_position=&#8221;middle&#8221; scene_position=&#8221;center&#8221; text_color=&#8221;dark&#8221; text_align=&#8221;left&#8221; overlay_strength=&#8221;0.3&#8243;][vc_column column_padding=&#8221;no-extra-padding&#8221; column_padding_position=&#8221;all&#8221; background_color_opacity=&#8221;1&#8243; background_hover_color_opacity=&#8221;1&#8243; column_shadow=&#8221;none&#8221; width=&#8221;1\/1&#8243; tablet_text_alignment=&#8221;default&#8221; phone_text_alignment=&#8221;default&#8221; column_border_width=&#8221;none&#8221; column_border_style=&#8221;solid&#8221;][\/vc_column][\/vc_row]","protected":false},"excerpt":{"rendered":"[vc_row type=&#8221;in_container&#8221; full_screen_row_position=&#8221;middle&#8221; scene_position=&#8221;center&#8221; text_color=&#8221;dark&#8221; text_align=&#8221;left&#8221; top_padding=&#8221;40&#8243; overlay_strength=&#8221;0.3&#8243;][vc_column column_padding=&#8221;no-extra-padding&#8221; column_padding_position=&#8221;all&#8221; background_color_opacity=&#8221;1&#8243; background_hover_color_opacity=&#8221;1&#8243; column_shadow=&#8221;medium_depth&#8221; width=&#8221;1\/2&#8243; tablet_text_alignment=&#8221;default&#8221; phone_text_alignment=&#8221;default&#8221; column_border_width=&#8221;none&#8221; column_border_style=&#8221;solid&#8221;][\/vc_column][vc_column column_padding=&#8221;no-extra-padding&#8221; column_padding_position=&#8221;all&#8221; background_color_opacity=&#8221;1&#8243; background_hover_color_opacity=&#8221;1&#8243; column_shadow=&#8221;none&#8221; width=&#8221;1\/2&#8243; tablet_text_alignment=&#8221;default&#8221; phone_text_alignment=&#8221;default&#8221; column_border_width=&#8221;none&#8221; column_border_style=&#8221;solid&#8221;][vc_column_text]En Human Touch&#8230;","protected":false},"author":16,"featured_media":0,"parent":0,"menu_order":45,"comment_status":"closed","ping_status":"closed","template":"","meta":[],"_links":{"self":[{"href":"https:\/\/humantouchtranslations.com\/es\/wp-json\/wp\/v2\/pages\/2202"}],"collection":[{"href":"https:\/\/humantouchtranslations.com\/es\/wp-json\/wp\/v2\/pages"}],"about":[{"href":"https:\/\/humantouchtranslations.com\/es\/wp-json\/wp\/v2\/types\/page"}],"author":[{"embeddable":true,"href":"https:\/\/humantouchtranslations.com\/es\/wp-json\/wp\/v2\/users\/16"}],"replies":[{"embeddable":true,"href":"https:\/\/humantouchtranslations.com\/es\/wp-json\/wp\/v2\/comments?post=2202"}],"version-history":[{"count":3,"href":"https:\/\/humantouchtranslations.com\/es\/wp-json\/wp\/v2\/pages\/2202\/revisions"}],"predecessor-version":[{"id":2214,"href":"https:\/\/humantouchtranslations.com\/es\/wp-json\/wp\/v2\/pages\/2202\/revisions\/2214"}],"wp:attachment":[{"href":"https:\/\/humantouchtranslations.com\/es\/wp-json\/wp\/v2\/media?parent=2202"}],"curies":[{"name":"wp","href":"https:\/\/api.w.org\/{rel}","templated":true}]}}